{"id":16605,"date":"2014-05-05T18:31:07","date_gmt":"2014-05-05T18:31:07","guid":{"rendered":"https:\/\/csncollision.wpenginepowered.com\/about-us\/"},"modified":"2023-01-16T11:51:49","modified_gmt":"2023-01-16T16:51:49","slug":"a-propos-de-csn","status":"publish","type":"page","link":"https:\/\/csncollision.com\/fr-ca\/a-propos-de-csn\/","title":{"rendered":"\u00c0 propos de CSN"},"content":{"rendered":"<p style=\"text-align: left;\"><span data-sheets-value=\"{&quot;1&quot;:2,&quot;2&quot;:&quot;Fond\u00e9 en 2002 par quatre propri\u00e9taires de centres de r\u00e9paration de v\u00e9hicules accident\u00e9s, CSN Collision a \u00e9t\u00e9 mis sur pied pour aider les centres de r\u00e9paration ind\u00e9pendants \u00e0 am\u00e9liorer leurs op\u00e9rations gr\u00e2ce \u00e0 des \u00e9valuations du rendement, de la formation continue et des initiatives de marketing. Aujourd\u2019hui, CSN Collision est l\u2019un des plus grands r\u00e9seaux de centres de r\u00e9paration de v\u00e9hicules accident\u00e9s d\u00e9tenus et exploit\u00e9s par des propri\u00e9taires ind\u00e9pendants au Canada. Notre ind\u00e9pendance constitue notre force, puisque nos propri\u00e9taires autoris\u00e9s ont un int\u00e9r\u00eat personnel dans l\u2019entreprise et dans leurs communaut\u00e9s.&quot;}\" data-sheets-userformat=\"{&quot;2&quot;:13187,&quot;3&quot;:{&quot;1&quot;:0},&quot;4&quot;:{&quot;1&quot;:2,&quot;2&quot;:16776960},&quot;10&quot;:0,&quot;11&quot;:4,&quot;12&quot;:0,&quot;15&quot;:&quot;Calibri, sans-serif&quot;,&quot;16&quot;:11}\">Fond\u00e9 en 2002 par quatre propri\u00e9taires de centres de r\u00e9paration de v\u00e9hicules accident\u00e9s, CSN Collision a \u00e9t\u00e9 mis sur pied pour aider les centres de r\u00e9paration ind\u00e9pendants \u00e0 am\u00e9liorer leurs op\u00e9rations gr\u00e2ce \u00e0 des \u00e9valuations du rendement, de la formation continue et des initiatives de marketing. Aujourd\u2019hui, CSN Collision est l\u2019un des plus grands r\u00e9seaux de centres de r\u00e9paration de v\u00e9hicules accident\u00e9s d\u00e9tenus et exploit\u00e9s par des propri\u00e9taires ind\u00e9pendants au Canada. Notre ind\u00e9pendance constitue notre force, puisque nos propri\u00e9taires autoris\u00e9s ont un int\u00e9r\u00eat personnel dans l\u2019entreprise et dans leurs communaut\u00e9s.<\/span><\/p>\n","protected":false},"excerpt":{"rendered":"<p>Fond\u00e9 en 2002 par quatre propri\u00e9taires de centres de r\u00e9paration de v\u00e9hicules accident\u00e9s, CSN Collision a \u00e9t\u00e9 mis sur pied <span>&#8230;<\/span><\/p>\n","protected":false},"author":847,"featured_media":0,"parent":0,"menu_order":0,"comment_status":"open","ping_status":"closed","template":"page-landing.php","meta":{"_acf_changed":false,"inline_featured_image":false,"footnotes":""},"class_list":["post-16605","page","type-page","status-publish","hentry"],"acf":[],"yoast_head":"<!-- This site is optimized with the Yoast SEO plugin v27.4 - https:\/\/yoast.com\/product\/yoast-seo-wordpress\/ -->\n<title>\u00c0 propos de nous | CSN Collision<\/title>\n<meta name=\"description\" content=\"CSN est un r\u00e9seau national de r\u00e9parateurs de v\u00e9hicules accident\u00e9s et de carrosserie.\" \/>\n<meta name=\"robots\" content=\"index, follow, max-snippet:-1, max-image-preview:large, max-video-preview:-1\" \/>\n<link rel=\"canonical\" href=\"https:\/\/csncollision.com\/fr-ca\/a-propos-de-csn\/\" \/>\n<meta property=\"og:locale\" content=\"fr_CA\" \/>\n<meta property=\"og:type\" content=\"article\" \/>\n<meta property=\"og:title\" content=\"\u00c0 propos de nous | CSN Collision\" \/>\n<meta property=\"og:description\" content=\"CSN est un r\u00e9seau national de r\u00e9parateurs de v\u00e9hicules accident\u00e9s et de carrosserie.\" \/>\n<meta property=\"og:url\" content=\"https:\/\/csncollision.com\/fr-ca\/a-propos-de-csn\/\" \/>\n<meta property=\"og:site_name\" content=\"CSN Collision\" \/>\n<meta property=\"article:modified_time\" content=\"2023-01-16T16:51:49+00:00\" \/>\n<meta name=\"twitter:label1\" content=\"Estimation du temps de lecture\" \/>\n\t<meta name=\"twitter:data1\" content=\"1 minute\" \/>\n<script type=\"application\/ld+json\" class=\"yoast-schema-graph\">{\"@context\":\"https:\\\/\\\/schema.org\",\"@graph\":[{\"@type\":\"WebPage\",\"@id\":\"https:\\\/\\\/csncollision.com\\\/fr-ca\\\/a-propos-de-csn\\\/\",\"url\":\"https:\\\/\\\/csncollision.com\\\/fr-ca\\\/a-propos-de-csn\\\/\",\"name\":\"\u00c0 propos de nous | CSN Collision\",\"isPartOf\":{\"@id\":\"https:\\\/\\\/csncollision.com\\\/fr-ca\\\/#website\"},\"datePublished\":\"2014-05-05T18:31:07+00:00\",\"dateModified\":\"2023-01-16T16:51:49+00:00\",\"description\":\"CSN est un r\u00e9seau national de r\u00e9parateurs de v\u00e9hicules accident\u00e9s et de carrosserie.\",\"breadcrumb\":{\"@id\":\"https:\\\/\\\/csncollision.com\\\/fr-ca\\\/a-propos-de-csn\\\/#breadcrumb\"},\"inLanguage\":\"fr-CA\",\"potentialAction\":[{\"@type\":\"ReadAction\",\"target\":[\"https:\\\/\\\/csncollision.com\\\/fr-ca\\\/a-propos-de-csn\\\/\"]}]},{\"@type\":\"BreadcrumbList\",\"@id\":\"https:\\\/\\\/csncollision.com\\\/fr-ca\\\/a-propos-de-csn\\\/#breadcrumb\",\"itemListElement\":[{\"@type\":\"ListItem\",\"position\":1,\"name\":\"Accueil\",\"item\":\"https:\\\/\\\/csncollision.com\\\/fr-ca\\\/\"},{\"@type\":\"ListItem\",\"position\":2,\"name\":\"\u00c0 propos de CSN\"}]},{\"@type\":\"WebSite\",\"@id\":\"https:\\\/\\\/csncollision.com\\\/fr-ca\\\/#website\",\"url\":\"https:\\\/\\\/csncollision.com\\\/fr-ca\\\/\",\"name\":\"CSN Collision\",\"description\":\"Nous allons y rem\u00e9dier.\",\"potentialAction\":[{\"@type\":\"SearchAction\",\"target\":{\"@type\":\"EntryPoint\",\"urlTemplate\":\"https:\\\/\\\/csncollision.com\\\/fr-ca\\\/?s={search_term_string}\"},\"query-input\":{\"@type\":\"PropertyValueSpecification\",\"valueRequired\":true,\"valueName\":\"search_term_string\"}}],\"inLanguage\":\"fr-CA\"}]}<\/script>\n<!-- \/ Yoast SEO plugin. -->","yoast_head_json":{"title":"\u00c0 propos de nous | CSN Collision","description":"CSN est un r\u00e9seau national de r\u00e9parateurs de v\u00e9hicules accident\u00e9s et de carrosserie.","robots":{"index":"index","follow":"follow","max-snippet":"max-snippet:-1","max-image-preview":"max-image-preview:large","max-video-preview":"max-video-preview:-1"},"canonical":"https:\/\/csncollision.com\/fr-ca\/a-propos-de-csn\/","og_locale":"fr_CA","og_type":"article","og_title":"\u00c0 propos de nous | CSN Collision","og_description":"CSN est un r\u00e9seau national de r\u00e9parateurs de v\u00e9hicules accident\u00e9s et de carrosserie.","og_url":"https:\/\/csncollision.com\/fr-ca\/a-propos-de-csn\/","og_site_name":"CSN Collision","article_modified_time":"2023-01-16T16:51:49+00:00","twitter_misc":{"Estimation du temps de lecture":"1 minute"},"schema":{"@context":"https:\/\/schema.org","@graph":[{"@type":"WebPage","@id":"https:\/\/csncollision.com\/fr-ca\/a-propos-de-csn\/","url":"https:\/\/csncollision.com\/fr-ca\/a-propos-de-csn\/","name":"\u00c0 propos de nous | CSN Collision","isPartOf":{"@id":"https:\/\/csncollision.com\/fr-ca\/#website"},"datePublished":"2014-05-05T18:31:07+00:00","dateModified":"2023-01-16T16:51:49+00:00","description":"CSN est un r\u00e9seau national de r\u00e9parateurs de v\u00e9hicules accident\u00e9s et de carrosserie.","breadcrumb":{"@id":"https:\/\/csncollision.com\/fr-ca\/a-propos-de-csn\/#breadcrumb"},"inLanguage":"fr-CA","potentialAction":[{"@type":"ReadAction","target":["https:\/\/csncollision.com\/fr-ca\/a-propos-de-csn\/"]}]},{"@type":"BreadcrumbList","@id":"https:\/\/csncollision.com\/fr-ca\/a-propos-de-csn\/#breadcrumb","itemListElement":[{"@type":"ListItem","position":1,"name":"Accueil","item":"https:\/\/csncollision.com\/fr-ca\/"},{"@type":"ListItem","position":2,"name":"\u00c0 propos de CSN"}]},{"@type":"WebSite","@id":"https:\/\/csncollision.com\/fr-ca\/#website","url":"https:\/\/csncollision.com\/fr-ca\/","name":"CSN Collision","description":"Nous allons y rem\u00e9dier.","potentialAction":[{"@type":"SearchAction","target":{"@type":"EntryPoint","urlTemplate":"https:\/\/csncollision.com\/fr-ca\/?s={search_term_string}"},"query-input":{"@type":"PropertyValueSpecification","valueRequired":true,"valueName":"search_term_string"}}],"inLanguage":"fr-CA"}]}},"_links":{"self":[{"href":"https:\/\/csncollision.com\/fr-ca\/wp-json\/wp\/v2\/pages\/16605","targetHints":{"allow":["GET"]}}],"collection":[{"href":"https:\/\/csncollision.com\/fr-ca\/wp-json\/wp\/v2\/pages"}],"about":[{"href":"https:\/\/csncollision.com\/fr-ca\/wp-json\/wp\/v2\/types\/page"}],"author":[{"embeddable":true,"href":"https:\/\/csncollision.com\/fr-ca\/wp-json\/wp\/v2\/users\/847"}],"replies":[{"embeddable":true,"href":"https:\/\/csncollision.com\/fr-ca\/wp-json\/wp\/v2\/comments?post=16605"}],"version-history":[{"count":0,"href":"https:\/\/csncollision.com\/fr-ca\/wp-json\/wp\/v2\/pages\/16605\/revisions"}],"wp:attachment":[{"href":"https:\/\/csncollision.com\/fr-ca\/wp-json\/wp\/v2\/media?parent=16605"}],"curies":[{"name":"wp","href":"https:\/\/api.w.org\/{rel}","templated":true}]}}