{"id":16637,"date":"2014-05-07T15:35:50","date_gmt":"2014-05-07T15:35:50","guid":{"rendered":"https:\/\/csncollision.wpenginepowered.com\/about-us\/why-csn\/"},"modified":"2021-02-09T22:32:03","modified_gmt":"2021-02-10T03:32:03","slug":"pourquoi-csn","status":"publish","type":"page","link":"https:\/\/csncollision.com\/fr-ca\/a-propos-de-csn\/pourquoi-csn\/","title":{"rendered":"Pourquoi CSN?"},"content":{"rendered":"<h2 style=\"text-align: left;\">CSN Collision offre \u00e0 chaque client s\u00e9curit\u00e9, fiabilit\u00e9 et confiance<\/h2>\n","protected":false},"excerpt":{"rendered":"<p>CSN Collision offre \u00e0 chaque client s\u00e9curit\u00e9, fiabilit\u00e9 et confiance<\/p>\n","protected":false},"author":847,"featured_media":0,"parent":16605,"menu_order":2,"comment_status":"open","ping_status":"closed","template":"page-two-column.php","meta":{"_acf_changed":false,"inline_featured_image":false,"footnotes":""},"class_list":["post-16637","page","type-page","status-publish","hentry"],"acf":[],"yoast_head":"<!-- This site is optimized with the Yoast SEO plugin v27.4 - https:\/\/yoast.com\/product\/yoast-seo-wordpress\/ -->\n<title>Why CSN | CSN Collision Centres<\/title>\n<meta name=\"description\" content=\"CSN Collision Repair Centres are located across Canada. We pride ourselves on being a genuine collision repair centres and strive to deliver a superior collision repair experience.\" \/>\n<meta name=\"robots\" content=\"index, follow, max-snippet:-1, max-image-preview:large, max-video-preview:-1\" \/>\n<link rel=\"canonical\" href=\"https:\/\/csncollision.com\/fr-ca\/a-propos-de-csn\/pourquoi-csn\/\" \/>\n<meta property=\"og:locale\" content=\"fr_CA\" \/>\n<meta property=\"og:type\" content=\"article\" \/>\n<meta property=\"og:title\" content=\"Why CSN | CSN Collision Centres\" \/>\n<meta property=\"og:description\" content=\"CSN Collision Repair Centres are located across Canada. We pride ourselves on being a genuine collision repair centres and strive to deliver a superior collision repair experience.\" \/>\n<meta property=\"og:url\" content=\"https:\/\/csncollision.com\/fr-ca\/a-propos-de-csn\/pourquoi-csn\/\" \/>\n<meta property=\"og:site_name\" content=\"CSN Collision\" \/>\n<meta property=\"article:modified_time\" content=\"2021-02-10T03:32:03+00:00\" \/>\n<script type=\"application\/ld+json\" class=\"yoast-schema-graph\">{\"@context\":\"https:\\\/\\\/schema.org\",\"@graph\":[{\"@type\":\"WebPage\",\"@id\":\"https:\\\/\\\/csncollision.com\\\/fr-ca\\\/a-propos-de-csn\\\/pourquoi-csn\\\/\",\"url\":\"https:\\\/\\\/csncollision.com\\\/fr-ca\\\/a-propos-de-csn\\\/pourquoi-csn\\\/\",\"name\":\"Why CSN | CSN Collision Centres\",\"isPartOf\":{\"@id\":\"https:\\\/\\\/csncollision.com\\\/fr-ca\\\/#website\"},\"datePublished\":\"2014-05-07T15:35:50+00:00\",\"dateModified\":\"2021-02-10T03:32:03+00:00\",\"description\":\"CSN Collision Repair Centres are located across Canada. We pride ourselves on being a genuine collision repair centres and strive to deliver a superior collision repair experience.\",\"breadcrumb\":{\"@id\":\"https:\\\/\\\/csncollision.com\\\/fr-ca\\\/a-propos-de-csn\\\/pourquoi-csn\\\/#breadcrumb\"},\"inLanguage\":\"fr-CA\",\"potentialAction\":[{\"@type\":\"ReadAction\",\"target\":[\"https:\\\/\\\/csncollision.com\\\/fr-ca\\\/a-propos-de-csn\\\/pourquoi-csn\\\/\"]}]},{\"@type\":\"BreadcrumbList\",\"@id\":\"https:\\\/\\\/csncollision.com\\\/fr-ca\\\/a-propos-de-csn\\\/pourquoi-csn\\\/#breadcrumb\",\"itemListElement\":[{\"@type\":\"ListItem\",\"position\":1,\"name\":\"Accueil\",\"item\":\"https:\\\/\\\/csncollision.com\\\/fr-ca\\\/\"},{\"@type\":\"ListItem\",\"position\":2,\"name\":\"\u00c0 propos de CSN\",\"item\":\"https:\\\/\\\/csncollision.com\\\/fr-ca\\\/about-us\\\/\"},{\"@type\":\"ListItem\",\"position\":3,\"name\":\"Pourquoi CSN?\"}]},{\"@type\":\"WebSite\",\"@id\":\"https:\\\/\\\/csncollision.com\\\/fr-ca\\\/#website\",\"url\":\"https:\\\/\\\/csncollision.com\\\/fr-ca\\\/\",\"name\":\"CSN Collision\",\"description\":\"Nous allons y rem\u00e9dier.\",\"potentialAction\":[{\"@type\":\"SearchAction\",\"target\":{\"@type\":\"EntryPoint\",\"urlTemplate\":\"https:\\\/\\\/csncollision.com\\\/fr-ca\\\/?s={search_term_string}\"},\"query-input\":{\"@type\":\"PropertyValueSpecification\",\"valueRequired\":true,\"valueName\":\"search_term_string\"}}],\"inLanguage\":\"fr-CA\"}]}<\/script>\n<!-- \/ Yoast SEO plugin. -->","yoast_head_json":{"title":"Why CSN | CSN Collision Centres","description":"CSN Collision Repair Centres are located across Canada. We pride ourselves on being a genuine collision repair centres and strive to deliver a superior collision repair experience.","robots":{"index":"index","follow":"follow","max-snippet":"max-snippet:-1","max-image-preview":"max-image-preview:large","max-video-preview":"max-video-preview:-1"},"canonical":"https:\/\/csncollision.com\/fr-ca\/a-propos-de-csn\/pourquoi-csn\/","og_locale":"fr_CA","og_type":"article","og_title":"Why CSN | CSN Collision Centres","og_description":"CSN Collision Repair Centres are located across Canada. We pride ourselves on being a genuine collision repair centres and strive to deliver a superior collision repair experience.","og_url":"https:\/\/csncollision.com\/fr-ca\/a-propos-de-csn\/pourquoi-csn\/","og_site_name":"CSN Collision","article_modified_time":"2021-02-10T03:32:03+00:00","schema":{"@context":"https:\/\/schema.org","@graph":[{"@type":"WebPage","@id":"https:\/\/csncollision.com\/fr-ca\/a-propos-de-csn\/pourquoi-csn\/","url":"https:\/\/csncollision.com\/fr-ca\/a-propos-de-csn\/pourquoi-csn\/","name":"Why CSN | CSN Collision Centres","isPartOf":{"@id":"https:\/\/csncollision.com\/fr-ca\/#website"},"datePublished":"2014-05-07T15:35:50+00:00","dateModified":"2021-02-10T03:32:03+00:00","description":"CSN Collision Repair Centres are located across Canada. We pride ourselves on being a genuine collision repair centres and strive to deliver a superior collision repair experience.","breadcrumb":{"@id":"https:\/\/csncollision.com\/fr-ca\/a-propos-de-csn\/pourquoi-csn\/#breadcrumb"},"inLanguage":"fr-CA","potentialAction":[{"@type":"ReadAction","target":["https:\/\/csncollision.com\/fr-ca\/a-propos-de-csn\/pourquoi-csn\/"]}]},{"@type":"BreadcrumbList","@id":"https:\/\/csncollision.com\/fr-ca\/a-propos-de-csn\/pourquoi-csn\/#breadcrumb","itemListElement":[{"@type":"ListItem","position":1,"name":"Accueil","item":"https:\/\/csncollision.com\/fr-ca\/"},{"@type":"ListItem","position":2,"name":"\u00c0 propos de CSN","item":"https:\/\/csncollision.com\/fr-ca\/about-us\/"},{"@type":"ListItem","position":3,"name":"Pourquoi CSN?"}]},{"@type":"WebSite","@id":"https:\/\/csncollision.com\/fr-ca\/#website","url":"https:\/\/csncollision.com\/fr-ca\/","name":"CSN Collision","description":"Nous allons y rem\u00e9dier.","potentialAction":[{"@type":"SearchAction","target":{"@type":"EntryPoint","urlTemplate":"https:\/\/csncollision.com\/fr-ca\/?s={search_term_string}"},"query-input":{"@type":"PropertyValueSpecification","valueRequired":true,"valueName":"search_term_string"}}],"inLanguage":"fr-CA"}]}},"_links":{"self":[{"href":"https:\/\/csncollision.com\/fr-ca\/wp-json\/wp\/v2\/pages\/16637","targetHints":{"allow":["GET"]}}],"collection":[{"href":"https:\/\/csncollision.com\/fr-ca\/wp-json\/wp\/v2\/pages"}],"about":[{"href":"https:\/\/csncollision.com\/fr-ca\/wp-json\/wp\/v2\/types\/page"}],"author":[{"embeddable":true,"href":"https:\/\/csncollision.com\/fr-ca\/wp-json\/wp\/v2\/users\/847"}],"replies":[{"embeddable":true,"href":"https:\/\/csncollision.com\/fr-ca\/wp-json\/wp\/v2\/comments?post=16637"}],"version-history":[{"count":0,"href":"https:\/\/csncollision.com\/fr-ca\/wp-json\/wp\/v2\/pages\/16637\/revisions"}],"up":[{"embeddable":true,"href":"https:\/\/csncollision.com\/fr-ca\/wp-json\/wp\/v2\/pages\/16605"}],"wp:attachment":[{"href":"https:\/\/csncollision.com\/fr-ca\/wp-json\/wp\/v2\/media?parent=16637"}],"curies":[{"name":"wp","href":"https:\/\/api.w.org\/{rel}","templated":true}]}}