{"id":16645,"date":"2014-05-05T18:32:01","date_gmt":"2014-05-05T18:32:01","guid":{"rendered":"https:\/\/csncollision.wpenginepowered.com\/help-411\/"},"modified":"2021-02-10T12:00:30","modified_gmt":"2021-02-10T17:00:30","slug":"aide-411","status":"publish","type":"page","link":"https:\/\/csncollision.com\/fr-ca\/aide-411\/","title":{"rendered":"Assistance en cas d\u2019accident"},"content":{"rendered":"<p style=\"text-align: left;\">Des accidents peuvent survenir, et lorsque \u00e7a se produit, CSN est l\u00e0 pour y rem\u00e9dier. Pour une assistance remorquage imm\u00e9diate, 24 heures par jour, 7 jours par semaine, appelez nos services de remorquage au 1-877-700-4276.<\/p>\n\n\n<p><\/p>\n","protected":false},"excerpt":{"rendered":"<p>Des accidents peuvent survenir, et lorsque \u00e7a se produit, CSN est l\u00e0 pour y rem\u00e9dier. Pour une assistance remorquage imm\u00e9diate, <span>&#8230;<\/span><\/p>\n","protected":false},"author":847,"featured_media":0,"parent":0,"menu_order":0,"comment_status":"open","ping_status":"closed","template":"page-landing.php","meta":{"_acf_changed":false,"inline_featured_image":false,"footnotes":""},"class_list":["post-16645","page","type-page","status-publish","hentry"],"acf":[],"yoast_head":"<!-- This site is optimized with the Yoast SEO plugin v27.4 - https:\/\/yoast.com\/product\/yoast-seo-wordpress\/ -->\n<title>Accident Help<\/title>\n<meta name=\"description\" content=\"Having a car accident can be a traumatic experience. CSN Collision Centres, located across Canada, offer car accident help you can depend on. Contact us today.\" \/>\n<meta name=\"robots\" content=\"index, follow, max-snippet:-1, max-image-preview:large, max-video-preview:-1\" \/>\n<link rel=\"canonical\" href=\"https:\/\/csncollision.com\/fr-ca\/aide-411\/\" \/>\n<meta property=\"og:locale\" content=\"fr_CA\" \/>\n<meta property=\"og:type\" content=\"article\" \/>\n<meta property=\"og:title\" content=\"Accident Help\" \/>\n<meta property=\"og:description\" content=\"Having a car accident can be a traumatic experience. CSN Collision Centres, located across Canada, offer car accident help you can depend on. Contact us today.\" \/>\n<meta property=\"og:url\" content=\"https:\/\/csncollision.com\/fr-ca\/aide-411\/\" \/>\n<meta property=\"og:site_name\" content=\"CSN Collision\" \/>\n<meta property=\"article:modified_time\" content=\"2021-02-10T17:00:30+00:00\" \/>\n<script type=\"application\/ld+json\" class=\"yoast-schema-graph\">{\"@context\":\"https:\\\/\\\/schema.org\",\"@graph\":[{\"@type\":\"WebPage\",\"@id\":\"https:\\\/\\\/csncollision.com\\\/fr-ca\\\/aide-411\\\/\",\"url\":\"https:\\\/\\\/csncollision.com\\\/fr-ca\\\/aide-411\\\/\",\"name\":\"Accident Help\",\"isPartOf\":{\"@id\":\"https:\\\/\\\/csncollision.com\\\/fr-ca\\\/#website\"},\"datePublished\":\"2014-05-05T18:32:01+00:00\",\"dateModified\":\"2021-02-10T17:00:30+00:00\",\"description\":\"Having a car accident can be a traumatic experience. CSN Collision Centres, located across Canada, offer car accident help you can depend on. Contact us today.\",\"breadcrumb\":{\"@id\":\"https:\\\/\\\/csncollision.com\\\/fr-ca\\\/aide-411\\\/#breadcrumb\"},\"inLanguage\":\"fr-CA\",\"potentialAction\":[{\"@type\":\"ReadAction\",\"target\":[\"https:\\\/\\\/csncollision.com\\\/fr-ca\\\/aide-411\\\/\"]}]},{\"@type\":\"BreadcrumbList\",\"@id\":\"https:\\\/\\\/csncollision.com\\\/fr-ca\\\/aide-411\\\/#breadcrumb\",\"itemListElement\":[{\"@type\":\"ListItem\",\"position\":1,\"name\":\"Accueil\",\"item\":\"https:\\\/\\\/csncollision.com\\\/fr-ca\\\/\"},{\"@type\":\"ListItem\",\"position\":2,\"name\":\"Assistance en cas d\u2019accident\"}]},{\"@type\":\"WebSite\",\"@id\":\"https:\\\/\\\/csncollision.com\\\/fr-ca\\\/#website\",\"url\":\"https:\\\/\\\/csncollision.com\\\/fr-ca\\\/\",\"name\":\"CSN Collision\",\"description\":\"Nous allons y rem\u00e9dier.\",\"potentialAction\":[{\"@type\":\"SearchAction\",\"target\":{\"@type\":\"EntryPoint\",\"urlTemplate\":\"https:\\\/\\\/csncollision.com\\\/fr-ca\\\/?s={search_term_string}\"},\"query-input\":{\"@type\":\"PropertyValueSpecification\",\"valueRequired\":true,\"valueName\":\"search_term_string\"}}],\"inLanguage\":\"fr-CA\"}]}<\/script>\n<!-- \/ Yoast SEO plugin. -->","yoast_head_json":{"title":"Accident Help","description":"Having a car accident can be a traumatic experience. CSN Collision Centres, located across Canada, offer car accident help you can depend on. Contact us today.","robots":{"index":"index","follow":"follow","max-snippet":"max-snippet:-1","max-image-preview":"max-image-preview:large","max-video-preview":"max-video-preview:-1"},"canonical":"https:\/\/csncollision.com\/fr-ca\/aide-411\/","og_locale":"fr_CA","og_type":"article","og_title":"Accident Help","og_description":"Having a car accident can be a traumatic experience. CSN Collision Centres, located across Canada, offer car accident help you can depend on. Contact us today.","og_url":"https:\/\/csncollision.com\/fr-ca\/aide-411\/","og_site_name":"CSN Collision","article_modified_time":"2021-02-10T17:00:30+00:00","schema":{"@context":"https:\/\/schema.org","@graph":[{"@type":"WebPage","@id":"https:\/\/csncollision.com\/fr-ca\/aide-411\/","url":"https:\/\/csncollision.com\/fr-ca\/aide-411\/","name":"Accident Help","isPartOf":{"@id":"https:\/\/csncollision.com\/fr-ca\/#website"},"datePublished":"2014-05-05T18:32:01+00:00","dateModified":"2021-02-10T17:00:30+00:00","description":"Having a car accident can be a traumatic experience. CSN Collision Centres, located across Canada, offer car accident help you can depend on. Contact us today.","breadcrumb":{"@id":"https:\/\/csncollision.com\/fr-ca\/aide-411\/#breadcrumb"},"inLanguage":"fr-CA","potentialAction":[{"@type":"ReadAction","target":["https:\/\/csncollision.com\/fr-ca\/aide-411\/"]}]},{"@type":"BreadcrumbList","@id":"https:\/\/csncollision.com\/fr-ca\/aide-411\/#breadcrumb","itemListElement":[{"@type":"ListItem","position":1,"name":"Accueil","item":"https:\/\/csncollision.com\/fr-ca\/"},{"@type":"ListItem","position":2,"name":"Assistance en cas d\u2019accident"}]},{"@type":"WebSite","@id":"https:\/\/csncollision.com\/fr-ca\/#website","url":"https:\/\/csncollision.com\/fr-ca\/","name":"CSN Collision","description":"Nous allons y rem\u00e9dier.","potentialAction":[{"@type":"SearchAction","target":{"@type":"EntryPoint","urlTemplate":"https:\/\/csncollision.com\/fr-ca\/?s={search_term_string}"},"query-input":{"@type":"PropertyValueSpecification","valueRequired":true,"valueName":"search_term_string"}}],"inLanguage":"fr-CA"}]}},"_links":{"self":[{"href":"https:\/\/csncollision.com\/fr-ca\/wp-json\/wp\/v2\/pages\/16645","targetHints":{"allow":["GET"]}}],"collection":[{"href":"https:\/\/csncollision.com\/fr-ca\/wp-json\/wp\/v2\/pages"}],"about":[{"href":"https:\/\/csncollision.com\/fr-ca\/wp-json\/wp\/v2\/types\/page"}],"author":[{"embeddable":true,"href":"https:\/\/csncollision.com\/fr-ca\/wp-json\/wp\/v2\/users\/847"}],"replies":[{"embeddable":true,"href":"https:\/\/csncollision.com\/fr-ca\/wp-json\/wp\/v2\/comments?post=16645"}],"version-history":[{"count":0,"href":"https:\/\/csncollision.com\/fr-ca\/wp-json\/wp\/v2\/pages\/16645\/revisions"}],"wp:attachment":[{"href":"https:\/\/csncollision.com\/fr-ca\/wp-json\/wp\/v2\/media?parent=16645"}],"curies":[{"name":"wp","href":"https:\/\/api.w.org\/{rel}","templated":true}]}}