{"id":16652,"date":"2019-10-16T13:55:00","date_gmt":"2019-10-16T17:55:00","guid":{"rendered":"https:\/\/csncollision.wpenginepowered.com\/help-411\/accident-assistance-5-steps\/"},"modified":"2021-02-10T17:40:12","modified_gmt":"2021-02-10T22:40:12","slug":"assistance-en-cas-daccident-5-etapes","status":"publish","type":"page","link":"https:\/\/csncollision.com\/fr-ca\/aide-411\/assistance-en-cas-daccident-5-etapes\/","title":{"rendered":"Assistance en cas d\u2019accident"},"content":{"rendered":"<h2 style=\"text-align: left;\">5 \u00e9tapes \u00e0 suivre apr\u00e8s un accident<\/h2>\n<p style=\"text-align: left;\">Des accidents peuvent survenir, et lorsque \u00e7a se produit, CSN est l\u00e0 pour y rem\u00e9dier. Suivez ces \u00e9tapes simples si vous \u00eates impliqu\u00e9 dans une collision. Pour une assistance remorquage imm\u00e9diate, 24 heures par jour, 7 jours par semaine, appelez nos services de remorquage au 1-877-700-4276.<\/p>\n","protected":false},"excerpt":{"rendered":"<p>5 \u00e9tapes \u00e0 suivre apr\u00e8s un accident Des accidents peuvent survenir, et lorsque \u00e7a se produit, CSN est l\u00e0 pour <span>&#8230;<\/span><\/p>\n","protected":false},"author":326,"featured_media":0,"parent":16645,"menu_order":0,"comment_status":"closed","ping_status":"closed","template":"page-two-column.php","meta":{"_acf_changed":false,"inline_featured_image":false,"footnotes":""},"class_list":["post-16652","page","type-page","status-publish","hentry"],"acf":[],"yoast_head":"<!-- This site is optimized with the Yoast SEO plugin v27.5 - https:\/\/yoast.com\/product\/yoast-seo-wordpress\/ -->\n<title>Assistance en cas d\u2019accident - CSN Collision<\/title>\n<meta name=\"robots\" content=\"index, follow, max-snippet:-1, max-image-preview:large, max-video-preview:-1\" \/>\n<link rel=\"canonical\" href=\"https:\/\/csncollision.com\/fr-ca\/aide-411\/assistance-en-cas-daccident-5-etapes\/\" \/>\n<meta property=\"og:locale\" content=\"fr_CA\" \/>\n<meta property=\"og:type\" content=\"article\" \/>\n<meta property=\"og:title\" content=\"Assistance en cas d\u2019accident - CSN Collision\" \/>\n<meta property=\"og:description\" content=\"5 \u00e9tapes \u00e0 suivre apr\u00e8s un accident Des accidents peuvent survenir, et lorsque \u00e7a se produit, CSN est l\u00e0 pour ...\" \/>\n<meta property=\"og:url\" content=\"https:\/\/csncollision.com\/fr-ca\/aide-411\/assistance-en-cas-daccident-5-etapes\/\" \/>\n<meta property=\"og:site_name\" content=\"CSN Collision\" \/>\n<meta property=\"article:modified_time\" content=\"2021-02-10T22:40:12+00:00\" \/>\n<script type=\"application\/ld+json\" class=\"yoast-schema-graph\">{\"@context\":\"https:\\\/\\\/schema.org\",\"@graph\":[{\"@type\":\"WebPage\",\"@id\":\"https:\\\/\\\/csncollision.com\\\/fr-ca\\\/aide-411\\\/assistance-en-cas-daccident-5-etapes\\\/\",\"url\":\"https:\\\/\\\/csncollision.com\\\/fr-ca\\\/aide-411\\\/assistance-en-cas-daccident-5-etapes\\\/\",\"name\":\"Assistance en cas d\u2019accident - CSN Collision\",\"isPartOf\":{\"@id\":\"https:\\\/\\\/csncollision.com\\\/fr-ca\\\/#website\"},\"datePublished\":\"2019-10-16T17:55:00+00:00\",\"dateModified\":\"2021-02-10T22:40:12+00:00\",\"breadcrumb\":{\"@id\":\"https:\\\/\\\/csncollision.com\\\/fr-ca\\\/aide-411\\\/assistance-en-cas-daccident-5-etapes\\\/#breadcrumb\"},\"inLanguage\":\"fr-CA\",\"potentialAction\":[{\"@type\":\"ReadAction\",\"target\":[\"https:\\\/\\\/csncollision.com\\\/fr-ca\\\/aide-411\\\/assistance-en-cas-daccident-5-etapes\\\/\"]}]},{\"@type\":\"BreadcrumbList\",\"@id\":\"https:\\\/\\\/csncollision.com\\\/fr-ca\\\/aide-411\\\/assistance-en-cas-daccident-5-etapes\\\/#breadcrumb\",\"itemListElement\":[{\"@type\":\"ListItem\",\"position\":1,\"name\":\"Accueil\",\"item\":\"https:\\\/\\\/csncollision.com\\\/fr-ca\\\/\"},{\"@type\":\"ListItem\",\"position\":2,\"name\":\"Assistance en cas d\u2019accident\",\"item\":\"https:\\\/\\\/csncollision.com\\\/fr-ca\\\/aide-411\\\/\"},{\"@type\":\"ListItem\",\"position\":3,\"name\":\"Assistance en cas d\u2019accident\"}]},{\"@type\":\"WebSite\",\"@id\":\"https:\\\/\\\/csncollision.com\\\/fr-ca\\\/#website\",\"url\":\"https:\\\/\\\/csncollision.com\\\/fr-ca\\\/\",\"name\":\"CSN Collision\",\"description\":\"Nous allons y rem\u00e9dier.\",\"potentialAction\":[{\"@type\":\"SearchAction\",\"target\":{\"@type\":\"EntryPoint\",\"urlTemplate\":\"https:\\\/\\\/csncollision.com\\\/fr-ca\\\/?s={search_term_string}\"},\"query-input\":{\"@type\":\"PropertyValueSpecification\",\"valueRequired\":true,\"valueName\":\"search_term_string\"}}],\"inLanguage\":\"fr-CA\"}]}<\/script>\n<!-- \/ Yoast SEO plugin. -->","yoast_head_json":{"title":"Assistance en cas d\u2019accident - CSN Collision","robots":{"index":"index","follow":"follow","max-snippet":"max-snippet:-1","max-image-preview":"max-image-preview:large","max-video-preview":"max-video-preview:-1"},"canonical":"https:\/\/csncollision.com\/fr-ca\/aide-411\/assistance-en-cas-daccident-5-etapes\/","og_locale":"fr_CA","og_type":"article","og_title":"Assistance en cas d\u2019accident - CSN Collision","og_description":"5 \u00e9tapes \u00e0 suivre apr\u00e8s un accident Des accidents peuvent survenir, et lorsque \u00e7a se produit, CSN est l\u00e0 pour ...","og_url":"https:\/\/csncollision.com\/fr-ca\/aide-411\/assistance-en-cas-daccident-5-etapes\/","og_site_name":"CSN Collision","article_modified_time":"2021-02-10T22:40:12+00:00","schema":{"@context":"https:\/\/schema.org","@graph":[{"@type":"WebPage","@id":"https:\/\/csncollision.com\/fr-ca\/aide-411\/assistance-en-cas-daccident-5-etapes\/","url":"https:\/\/csncollision.com\/fr-ca\/aide-411\/assistance-en-cas-daccident-5-etapes\/","name":"Assistance en cas d\u2019accident - CSN Collision","isPartOf":{"@id":"https:\/\/csncollision.com\/fr-ca\/#website"},"datePublished":"2019-10-16T17:55:00+00:00","dateModified":"2021-02-10T22:40:12+00:00","breadcrumb":{"@id":"https:\/\/csncollision.com\/fr-ca\/aide-411\/assistance-en-cas-daccident-5-etapes\/#breadcrumb"},"inLanguage":"fr-CA","potentialAction":[{"@type":"ReadAction","target":["https:\/\/csncollision.com\/fr-ca\/aide-411\/assistance-en-cas-daccident-5-etapes\/"]}]},{"@type":"BreadcrumbList","@id":"https:\/\/csncollision.com\/fr-ca\/aide-411\/assistance-en-cas-daccident-5-etapes\/#breadcrumb","itemListElement":[{"@type":"ListItem","position":1,"name":"Accueil","item":"https:\/\/csncollision.com\/fr-ca\/"},{"@type":"ListItem","position":2,"name":"Assistance en cas d\u2019accident","item":"https:\/\/csncollision.com\/fr-ca\/aide-411\/"},{"@type":"ListItem","position":3,"name":"Assistance en cas d\u2019accident"}]},{"@type":"WebSite","@id":"https:\/\/csncollision.com\/fr-ca\/#website","url":"https:\/\/csncollision.com\/fr-ca\/","name":"CSN Collision","description":"Nous allons y rem\u00e9dier.","potentialAction":[{"@type":"SearchAction","target":{"@type":"EntryPoint","urlTemplate":"https:\/\/csncollision.com\/fr-ca\/?s={search_term_string}"},"query-input":{"@type":"PropertyValueSpecification","valueRequired":true,"valueName":"search_term_string"}}],"inLanguage":"fr-CA"}]}},"_links":{"self":[{"href":"https:\/\/csncollision.com\/fr-ca\/wp-json\/wp\/v2\/pages\/16652","targetHints":{"allow":["GET"]}}],"collection":[{"href":"https:\/\/csncollision.com\/fr-ca\/wp-json\/wp\/v2\/pages"}],"about":[{"href":"https:\/\/csncollision.com\/fr-ca\/wp-json\/wp\/v2\/types\/page"}],"author":[{"embeddable":true,"href":"https:\/\/csncollision.com\/fr-ca\/wp-json\/wp\/v2\/users\/326"}],"replies":[{"embeddable":true,"href":"https:\/\/csncollision.com\/fr-ca\/wp-json\/wp\/v2\/comments?post=16652"}],"version-history":[{"count":0,"href":"https:\/\/csncollision.com\/fr-ca\/wp-json\/wp\/v2\/pages\/16652\/revisions"}],"up":[{"embeddable":true,"href":"https:\/\/csncollision.com\/fr-ca\/wp-json\/wp\/v2\/pages\/16645"}],"wp:attachment":[{"href":"https:\/\/csncollision.com\/fr-ca\/wp-json\/wp\/v2\/media?parent=16652"}],"curies":[{"name":"wp","href":"https:\/\/api.w.org\/{rel}","templated":true}]}}