{"id":16669,"date":"2014-05-05T18:31:16","date_gmt":"2014-05-05T18:31:16","guid":{"rendered":"https:\/\/csncollision.wpenginepowered.com\/services\/"},"modified":"2021-02-10T11:52:14","modified_gmt":"2021-02-10T16:52:14","slug":"services","status":"publish","type":"page","link":"https:\/\/csncollision.com\/fr-ca\/services\/","title":{"rendered":"Services de r\u00e9paration de v\u00e9hicules accident\u00e9s et de carrosserie"},"content":{"rendered":"<p style=\"text-align: left;\">CSN Collision offre des services d\u2019expert, que les dommages soient mineurs ou majeurs. Que ce soit pour la r\u00e9paration de v\u00e9hicules accident\u00e9s, le remplacement de vitres, les \u00e9gratignures, les bosses et les \u00e9raflures, ou les services de peinture haut de gamme, nous avons la technologie et la formation n\u00e9cessaires pour remettre votre v\u00e9hicule comme neuf, rapidement et en toute s\u00e9curit\u00e9.<\/p>\n\n\n<p><\/p>\n","protected":false},"excerpt":{"rendered":"<p>CSN Collision offre des services d\u2019expert, que les dommages soient mineurs ou majeurs. Que ce soit pour la r\u00e9paration de <span>&#8230;<\/span><\/p>\n","protected":false},"author":847,"featured_media":0,"parent":0,"menu_order":0,"comment_status":"open","ping_status":"closed","template":"page-landing.php","meta":{"_acf_changed":false,"inline_featured_image":false,"footnotes":""},"class_list":["post-16669","page","type-page","status-publish","hentry"],"acf":[],"yoast_head":"<!-- This site is optimized with the Yoast SEO plugin v27.0 - https:\/\/yoast.com\/product\/yoast-seo-wordpress\/ -->\n<title>Auto body Repair, Painting, Scratch and Dent and more<\/title>\n<meta name=\"description\" content=\"Auto body repair services, painting and paintless dent repair are available for all vehicle makes and models at our state-of-the-art collision repair centers\" \/>\n<meta name=\"robots\" content=\"index, follow, max-snippet:-1, max-image-preview:large, max-video-preview:-1\" \/>\n<link rel=\"canonical\" href=\"https:\/\/csncollision.com\/fr-ca\/services\/\" \/>\n<meta property=\"og:locale\" content=\"fr_CA\" \/>\n<meta property=\"og:type\" content=\"article\" \/>\n<meta property=\"og:title\" content=\"Auto body Repair, Painting, Scratch and Dent and more\" \/>\n<meta property=\"og:description\" content=\"Auto body repair services, painting and paintless dent repair are available for all vehicle makes and models at our state-of-the-art collision repair centers\" \/>\n<meta property=\"og:url\" content=\"https:\/\/csncollision.com\/fr-ca\/services\/\" \/>\n<meta property=\"og:site_name\" content=\"CSN Collision\" \/>\n<meta property=\"article:modified_time\" content=\"2021-02-10T16:52:14+00:00\" \/>\n<script type=\"application\/ld+json\" class=\"yoast-schema-graph\">{\"@context\":\"https:\/\/schema.org\",\"@graph\":[{\"@type\":\"WebPage\",\"@id\":\"https:\/\/csncollision.com\/fr-ca\/services\/\",\"url\":\"https:\/\/csncollision.com\/fr-ca\/services\/\",\"name\":\"Auto body Repair, Painting, Scratch and Dent and more\",\"isPartOf\":{\"@id\":\"https:\/\/csncollision.com\/fr-ca\/#website\"},\"datePublished\":\"2014-05-05T18:31:16+00:00\",\"dateModified\":\"2021-02-10T16:52:14+00:00\",\"description\":\"Auto body repair services, painting and paintless dent repair are available for all vehicle makes and models at our state-of-the-art collision repair centers\",\"breadcrumb\":{\"@id\":\"https:\/\/csncollision.com\/fr-ca\/services\/#breadcrumb\"},\"inLanguage\":\"fr-CA\",\"potentialAction\":[{\"@type\":\"ReadAction\",\"target\":[\"https:\/\/csncollision.com\/fr-ca\/services\/\"]}]},{\"@type\":\"BreadcrumbList\",\"@id\":\"https:\/\/csncollision.com\/fr-ca\/services\/#breadcrumb\",\"itemListElement\":[{\"@type\":\"ListItem\",\"position\":1,\"name\":\"Accueil\",\"item\":\"https:\/\/csncollision.com\/fr-ca\/\"},{\"@type\":\"ListItem\",\"position\":2,\"name\":\"Services de r\u00e9paration de v\u00e9hicules accident\u00e9s et de carrosserie\"}]},{\"@type\":\"WebSite\",\"@id\":\"https:\/\/csncollision.com\/fr-ca\/#website\",\"url\":\"https:\/\/csncollision.com\/fr-ca\/\",\"name\":\"CSN Collision\",\"description\":\"Nous allons y rem\u00e9dier.\",\"potentialAction\":[{\"@type\":\"SearchAction\",\"target\":{\"@type\":\"EntryPoint\",\"urlTemplate\":\"https:\/\/csncollision.com\/fr-ca\/?s={search_term_string}\"},\"query-input\":{\"@type\":\"PropertyValueSpecification\",\"valueRequired\":true,\"valueName\":\"search_term_string\"}}],\"inLanguage\":\"fr-CA\"}]}<\/script>\n<!-- \/ Yoast SEO plugin. -->","yoast_head_json":{"title":"Auto body Repair, Painting, Scratch and Dent and more","description":"Auto body repair services, painting and paintless dent repair are available for all vehicle makes and models at our state-of-the-art collision repair centers","robots":{"index":"index","follow":"follow","max-snippet":"max-snippet:-1","max-image-preview":"max-image-preview:large","max-video-preview":"max-video-preview:-1"},"canonical":"https:\/\/csncollision.com\/fr-ca\/services\/","og_locale":"fr_CA","og_type":"article","og_title":"Auto body Repair, Painting, Scratch and Dent and more","og_description":"Auto body repair services, painting and paintless dent repair are available for all vehicle makes and models at our state-of-the-art collision repair centers","og_url":"https:\/\/csncollision.com\/fr-ca\/services\/","og_site_name":"CSN Collision","article_modified_time":"2021-02-10T16:52:14+00:00","schema":{"@context":"https:\/\/schema.org","@graph":[{"@type":"WebPage","@id":"https:\/\/csncollision.com\/fr-ca\/services\/","url":"https:\/\/csncollision.com\/fr-ca\/services\/","name":"Auto body Repair, Painting, Scratch and Dent and more","isPartOf":{"@id":"https:\/\/csncollision.com\/fr-ca\/#website"},"datePublished":"2014-05-05T18:31:16+00:00","dateModified":"2021-02-10T16:52:14+00:00","description":"Auto body repair services, painting and paintless dent repair are available for all vehicle makes and models at our state-of-the-art collision repair centers","breadcrumb":{"@id":"https:\/\/csncollision.com\/fr-ca\/services\/#breadcrumb"},"inLanguage":"fr-CA","potentialAction":[{"@type":"ReadAction","target":["https:\/\/csncollision.com\/fr-ca\/services\/"]}]},{"@type":"BreadcrumbList","@id":"https:\/\/csncollision.com\/fr-ca\/services\/#breadcrumb","itemListElement":[{"@type":"ListItem","position":1,"name":"Accueil","item":"https:\/\/csncollision.com\/fr-ca\/"},{"@type":"ListItem","position":2,"name":"Services de r\u00e9paration de v\u00e9hicules accident\u00e9s et de carrosserie"}]},{"@type":"WebSite","@id":"https:\/\/csncollision.com\/fr-ca\/#website","url":"https:\/\/csncollision.com\/fr-ca\/","name":"CSN Collision","description":"Nous allons y rem\u00e9dier.","potentialAction":[{"@type":"SearchAction","target":{"@type":"EntryPoint","urlTemplate":"https:\/\/csncollision.com\/fr-ca\/?s={search_term_string}"},"query-input":{"@type":"PropertyValueSpecification","valueRequired":true,"valueName":"search_term_string"}}],"inLanguage":"fr-CA"}]}},"_links":{"self":[{"href":"https:\/\/csncollision.com\/fr-ca\/wp-json\/wp\/v2\/pages\/16669","targetHints":{"allow":["GET"]}}],"collection":[{"href":"https:\/\/csncollision.com\/fr-ca\/wp-json\/wp\/v2\/pages"}],"about":[{"href":"https:\/\/csncollision.com\/fr-ca\/wp-json\/wp\/v2\/types\/page"}],"author":[{"embeddable":true,"href":"https:\/\/csncollision.com\/fr-ca\/wp-json\/wp\/v2\/users\/847"}],"replies":[{"embeddable":true,"href":"https:\/\/csncollision.com\/fr-ca\/wp-json\/wp\/v2\/comments?post=16669"}],"version-history":[{"count":0,"href":"https:\/\/csncollision.com\/fr-ca\/wp-json\/wp\/v2\/pages\/16669\/revisions"}],"wp:attachment":[{"href":"https:\/\/csncollision.com\/fr-ca\/wp-json\/wp\/v2\/media?parent=16669"}],"curies":[{"name":"wp","href":"https:\/\/api.w.org\/{rel}","templated":true}]}}