{"id":16704,"date":"2014-05-07T17:15:24","date_gmt":"2014-05-07T17:15:24","guid":{"rendered":"https:\/\/csncollision.wpenginepowered.com\/services\/24-hour-towing\/"},"modified":"2021-02-10T00:16:31","modified_gmt":"2021-02-10T05:16:31","slug":"remorquage-offert-en-tout-temps","status":"publish","type":"page","link":"https:\/\/csncollision.com\/fr-ca\/services\/remorquage-offert-en-tout-temps\/","title":{"rendered":"Remorquage offert en tout temps"},"content":{"rendered":"<h2 style=\"text-align: left;\">Des accidents peuvent survenir, et lorsque \u00e7a se produit, CSN Collision est l\u00e0 pour y rem\u00e9dier.<\/h2>\n","protected":false},"excerpt":{"rendered":"<p>Des accidents peuvent survenir, et lorsque \u00e7a se produit, CSN Collision est l\u00e0 pour y rem\u00e9dier.<\/p>\n","protected":false},"author":847,"featured_media":0,"parent":16669,"menu_order":3,"comment_status":"open","ping_status":"closed","template":"page-two-column.php","meta":{"_acf_changed":false,"inline_featured_image":false,"footnotes":""},"class_list":["post-16704","page","type-page","status-publish","hentry"],"acf":[],"yoast_head":"<!-- This site is optimized with the Yoast SEO plugin v27.5 - https:\/\/yoast.com\/product\/yoast-seo-wordpress\/ -->\n<title>24-hour Towing to your closest CSN collision repair centre | CSN<\/title>\n<meta name=\"description\" content=\"CSN offers 24-hour towing to your closest CSN collision repair centre and auto body shop. We&#039;ll navigate the insurance process and repair for you.\" \/>\n<meta name=\"robots\" content=\"index, follow, max-snippet:-1, max-image-preview:large, max-video-preview:-1\" \/>\n<link rel=\"canonical\" href=\"https:\/\/csncollision.com\/fr-ca\/services\/remorquage-offert-en-tout-temps\/\" \/>\n<meta property=\"og:locale\" content=\"fr_CA\" \/>\n<meta property=\"og:type\" content=\"article\" \/>\n<meta property=\"og:title\" content=\"24-hour Towing to your closest CSN collision repair centre | CSN\" \/>\n<meta property=\"og:description\" content=\"CSN offers 24-hour towing to your closest CSN collision repair centre and auto body shop. We&#039;ll navigate the insurance process and repair for you.\" \/>\n<meta property=\"og:url\" content=\"https:\/\/csncollision.com\/fr-ca\/services\/remorquage-offert-en-tout-temps\/\" \/>\n<meta property=\"og:site_name\" content=\"CSN Collision\" \/>\n<meta property=\"article:modified_time\" content=\"2021-02-10T05:16:31+00:00\" \/>\n<script type=\"application\/ld+json\" class=\"yoast-schema-graph\">{\"@context\":\"https:\\\/\\\/schema.org\",\"@graph\":[{\"@type\":\"WebPage\",\"@id\":\"https:\\\/\\\/csncollision.com\\\/fr-ca\\\/services\\\/remorquage-offert-en-tout-temps\\\/\",\"url\":\"https:\\\/\\\/csncollision.com\\\/fr-ca\\\/services\\\/remorquage-offert-en-tout-temps\\\/\",\"name\":\"24-hour Towing to your closest CSN collision repair centre | CSN\",\"isPartOf\":{\"@id\":\"https:\\\/\\\/csncollision.com\\\/fr-ca\\\/#website\"},\"datePublished\":\"2014-05-07T17:15:24+00:00\",\"dateModified\":\"2021-02-10T05:16:31+00:00\",\"description\":\"CSN offers 24-hour towing to your closest CSN collision repair centre and auto body shop. We'll navigate the insurance process and repair for you.\",\"breadcrumb\":{\"@id\":\"https:\\\/\\\/csncollision.com\\\/fr-ca\\\/services\\\/remorquage-offert-en-tout-temps\\\/#breadcrumb\"},\"inLanguage\":\"fr-CA\",\"potentialAction\":[{\"@type\":\"ReadAction\",\"target\":[\"https:\\\/\\\/csncollision.com\\\/fr-ca\\\/services\\\/remorquage-offert-en-tout-temps\\\/\"]}]},{\"@type\":\"BreadcrumbList\",\"@id\":\"https:\\\/\\\/csncollision.com\\\/fr-ca\\\/services\\\/remorquage-offert-en-tout-temps\\\/#breadcrumb\",\"itemListElement\":[{\"@type\":\"ListItem\",\"position\":1,\"name\":\"Accueil\",\"item\":\"https:\\\/\\\/csncollision.com\\\/fr-ca\\\/\"},{\"@type\":\"ListItem\",\"position\":2,\"name\":\"Services de r\u00e9paration de v\u00e9hicules accident\u00e9s et de carrosserie\",\"item\":\"https:\\\/\\\/csncollision.com\\\/fr-ca\\\/services\\\/\"},{\"@type\":\"ListItem\",\"position\":3,\"name\":\"Remorquage offert en tout temps\"}]},{\"@type\":\"WebSite\",\"@id\":\"https:\\\/\\\/csncollision.com\\\/fr-ca\\\/#website\",\"url\":\"https:\\\/\\\/csncollision.com\\\/fr-ca\\\/\",\"name\":\"CSN Collision\",\"description\":\"Nous allons y rem\u00e9dier.\",\"potentialAction\":[{\"@type\":\"SearchAction\",\"target\":{\"@type\":\"EntryPoint\",\"urlTemplate\":\"https:\\\/\\\/csncollision.com\\\/fr-ca\\\/?s={search_term_string}\"},\"query-input\":{\"@type\":\"PropertyValueSpecification\",\"valueRequired\":true,\"valueName\":\"search_term_string\"}}],\"inLanguage\":\"fr-CA\"}]}<\/script>\n<!-- \/ Yoast SEO plugin. -->","yoast_head_json":{"title":"24-hour Towing to your closest CSN collision repair centre | CSN","description":"CSN offers 24-hour towing to your closest CSN collision repair centre and auto body shop. We'll navigate the insurance process and repair for you.","robots":{"index":"index","follow":"follow","max-snippet":"max-snippet:-1","max-image-preview":"max-image-preview:large","max-video-preview":"max-video-preview:-1"},"canonical":"https:\/\/csncollision.com\/fr-ca\/services\/remorquage-offert-en-tout-temps\/","og_locale":"fr_CA","og_type":"article","og_title":"24-hour Towing to your closest CSN collision repair centre | CSN","og_description":"CSN offers 24-hour towing to your closest CSN collision repair centre and auto body shop. We'll navigate the insurance process and repair for you.","og_url":"https:\/\/csncollision.com\/fr-ca\/services\/remorquage-offert-en-tout-temps\/","og_site_name":"CSN Collision","article_modified_time":"2021-02-10T05:16:31+00:00","schema":{"@context":"https:\/\/schema.org","@graph":[{"@type":"WebPage","@id":"https:\/\/csncollision.com\/fr-ca\/services\/remorquage-offert-en-tout-temps\/","url":"https:\/\/csncollision.com\/fr-ca\/services\/remorquage-offert-en-tout-temps\/","name":"24-hour Towing to your closest CSN collision repair centre | CSN","isPartOf":{"@id":"https:\/\/csncollision.com\/fr-ca\/#website"},"datePublished":"2014-05-07T17:15:24+00:00","dateModified":"2021-02-10T05:16:31+00:00","description":"CSN offers 24-hour towing to your closest CSN collision repair centre and auto body shop. We'll navigate the insurance process and repair for you.","breadcrumb":{"@id":"https:\/\/csncollision.com\/fr-ca\/services\/remorquage-offert-en-tout-temps\/#breadcrumb"},"inLanguage":"fr-CA","potentialAction":[{"@type":"ReadAction","target":["https:\/\/csncollision.com\/fr-ca\/services\/remorquage-offert-en-tout-temps\/"]}]},{"@type":"BreadcrumbList","@id":"https:\/\/csncollision.com\/fr-ca\/services\/remorquage-offert-en-tout-temps\/#breadcrumb","itemListElement":[{"@type":"ListItem","position":1,"name":"Accueil","item":"https:\/\/csncollision.com\/fr-ca\/"},{"@type":"ListItem","position":2,"name":"Services de r\u00e9paration de v\u00e9hicules accident\u00e9s et de carrosserie","item":"https:\/\/csncollision.com\/fr-ca\/services\/"},{"@type":"ListItem","position":3,"name":"Remorquage offert en tout temps"}]},{"@type":"WebSite","@id":"https:\/\/csncollision.com\/fr-ca\/#website","url":"https:\/\/csncollision.com\/fr-ca\/","name":"CSN Collision","description":"Nous allons y rem\u00e9dier.","potentialAction":[{"@type":"SearchAction","target":{"@type":"EntryPoint","urlTemplate":"https:\/\/csncollision.com\/fr-ca\/?s={search_term_string}"},"query-input":{"@type":"PropertyValueSpecification","valueRequired":true,"valueName":"search_term_string"}}],"inLanguage":"fr-CA"}]}},"_links":{"self":[{"href":"https:\/\/csncollision.com\/fr-ca\/wp-json\/wp\/v2\/pages\/16704","targetHints":{"allow":["GET"]}}],"collection":[{"href":"https:\/\/csncollision.com\/fr-ca\/wp-json\/wp\/v2\/pages"}],"about":[{"href":"https:\/\/csncollision.com\/fr-ca\/wp-json\/wp\/v2\/types\/page"}],"author":[{"embeddable":true,"href":"https:\/\/csncollision.com\/fr-ca\/wp-json\/wp\/v2\/users\/847"}],"replies":[{"embeddable":true,"href":"https:\/\/csncollision.com\/fr-ca\/wp-json\/wp\/v2\/comments?post=16704"}],"version-history":[{"count":0,"href":"https:\/\/csncollision.com\/fr-ca\/wp-json\/wp\/v2\/pages\/16704\/revisions"}],"up":[{"embeddable":true,"href":"https:\/\/csncollision.com\/fr-ca\/wp-json\/wp\/v2\/pages\/16669"}],"wp:attachment":[{"href":"https:\/\/csncollision.com\/fr-ca\/wp-json\/wp\/v2\/media?parent=16704"}],"curies":[{"name":"wp","href":"https:\/\/api.w.org\/{rel}","templated":true}]}}