{"id":16720,"date":"2014-05-05T18:32:43","date_gmt":"2014-05-05T18:32:43","guid":{"rendered":"https:\/\/csncollision.wpenginepowered.com\/contact-us\/"},"modified":"2025-03-28T12:55:56","modified_gmt":"2025-03-28T16:55:56","slug":"contacter-csn","status":"publish","type":"page","link":"https:\/\/csncollision.com\/fr-ca\/contacter-csn\/","title":{"rendered":"Contacter le si\u00e8ge social de CSN"},"content":{"rendered":"","protected":false},"excerpt":{"rendered":"","protected":false},"author":847,"featured_media":0,"parent":0,"menu_order":0,"comment_status":"open","ping_status":"closed","template":"page-two-column.php","meta":{"_acf_changed":false,"inline_featured_image":false,"footnotes":""},"class_list":["post-16720","page","type-page","status-publish","hentry"],"acf":[],"yoast_head":"<!-- This site is optimized with the Yoast SEO plugin v27.4 - https:\/\/yoast.com\/product\/yoast-seo-wordpress\/ -->\n<title>Contactez CSN Collision<\/title>\n<meta name=\"description\" content=\"Contactez CSN Collision, votre r\u00e9seau national d\u2019ateliers de r\u00e9paration de v\u00e9hicules accident\u00e9s et de carrosserie.\" \/>\n<meta name=\"robots\" content=\"index, follow, max-snippet:-1, max-image-preview:large, max-video-preview:-1\" \/>\n<link rel=\"canonical\" href=\"https:\/\/csncollision.com\/fr-ca\/contacter-csn\/\" \/>\n<meta property=\"og:locale\" content=\"fr_CA\" \/>\n<meta property=\"og:type\" content=\"article\" \/>\n<meta property=\"og:title\" content=\"Contactez CSN Collision\" \/>\n<meta property=\"og:description\" content=\"Contactez CSN Collision, votre r\u00e9seau national d\u2019ateliers de r\u00e9paration de v\u00e9hicules accident\u00e9s et de carrosserie.\" \/>\n<meta property=\"og:url\" content=\"https:\/\/csncollision.com\/fr-ca\/contacter-csn\/\" \/>\n<meta property=\"og:site_name\" content=\"CSN Collision\" \/>\n<meta property=\"article:modified_time\" content=\"2025-03-28T16:55:56+00:00\" \/>\n<script type=\"application\/ld+json\" class=\"yoast-schema-graph\">{\"@context\":\"https:\\\/\\\/schema.org\",\"@graph\":[{\"@type\":\"WebPage\",\"@id\":\"https:\\\/\\\/csncollision.com\\\/fr-ca\\\/contacter-csn\\\/\",\"url\":\"https:\\\/\\\/csncollision.com\\\/fr-ca\\\/contacter-csn\\\/\",\"name\":\"Contactez CSN Collision\",\"isPartOf\":{\"@id\":\"https:\\\/\\\/csncollision.com\\\/fr-ca\\\/#website\"},\"datePublished\":\"2014-05-05T18:32:43+00:00\",\"dateModified\":\"2025-03-28T16:55:56+00:00\",\"description\":\"Contactez CSN Collision, votre r\u00e9seau national d\u2019ateliers de r\u00e9paration de v\u00e9hicules accident\u00e9s et de carrosserie.\",\"breadcrumb\":{\"@id\":\"https:\\\/\\\/csncollision.com\\\/fr-ca\\\/contacter-csn\\\/#breadcrumb\"},\"inLanguage\":\"fr-CA\",\"potentialAction\":[{\"@type\":\"ReadAction\",\"target\":[\"https:\\\/\\\/csncollision.com\\\/fr-ca\\\/contacter-csn\\\/\"]}]},{\"@type\":\"BreadcrumbList\",\"@id\":\"https:\\\/\\\/csncollision.com\\\/fr-ca\\\/contacter-csn\\\/#breadcrumb\",\"itemListElement\":[{\"@type\":\"ListItem\",\"position\":1,\"name\":\"Accueil\",\"item\":\"https:\\\/\\\/csncollision.com\\\/fr-ca\\\/\"},{\"@type\":\"ListItem\",\"position\":2,\"name\":\"Contacter le si\u00e8ge social de CSN\"}]},{\"@type\":\"WebSite\",\"@id\":\"https:\\\/\\\/csncollision.com\\\/fr-ca\\\/#website\",\"url\":\"https:\\\/\\\/csncollision.com\\\/fr-ca\\\/\",\"name\":\"CSN Collision\",\"description\":\"Nous allons y rem\u00e9dier.\",\"potentialAction\":[{\"@type\":\"SearchAction\",\"target\":{\"@type\":\"EntryPoint\",\"urlTemplate\":\"https:\\\/\\\/csncollision.com\\\/fr-ca\\\/?s={search_term_string}\"},\"query-input\":{\"@type\":\"PropertyValueSpecification\",\"valueRequired\":true,\"valueName\":\"search_term_string\"}}],\"inLanguage\":\"fr-CA\"}]}<\/script>\n<!-- \/ Yoast SEO plugin. -->","yoast_head_json":{"title":"Contactez CSN Collision","description":"Contactez CSN Collision, votre r\u00e9seau national d\u2019ateliers de r\u00e9paration de v\u00e9hicules accident\u00e9s et de carrosserie.","robots":{"index":"index","follow":"follow","max-snippet":"max-snippet:-1","max-image-preview":"max-image-preview:large","max-video-preview":"max-video-preview:-1"},"canonical":"https:\/\/csncollision.com\/fr-ca\/contacter-csn\/","og_locale":"fr_CA","og_type":"article","og_title":"Contactez CSN Collision","og_description":"Contactez CSN Collision, votre r\u00e9seau national d\u2019ateliers de r\u00e9paration de v\u00e9hicules accident\u00e9s et de carrosserie.","og_url":"https:\/\/csncollision.com\/fr-ca\/contacter-csn\/","og_site_name":"CSN Collision","article_modified_time":"2025-03-28T16:55:56+00:00","schema":{"@context":"https:\/\/schema.org","@graph":[{"@type":"WebPage","@id":"https:\/\/csncollision.com\/fr-ca\/contacter-csn\/","url":"https:\/\/csncollision.com\/fr-ca\/contacter-csn\/","name":"Contactez CSN Collision","isPartOf":{"@id":"https:\/\/csncollision.com\/fr-ca\/#website"},"datePublished":"2014-05-05T18:32:43+00:00","dateModified":"2025-03-28T16:55:56+00:00","description":"Contactez CSN Collision, votre r\u00e9seau national d\u2019ateliers de r\u00e9paration de v\u00e9hicules accident\u00e9s et de carrosserie.","breadcrumb":{"@id":"https:\/\/csncollision.com\/fr-ca\/contacter-csn\/#breadcrumb"},"inLanguage":"fr-CA","potentialAction":[{"@type":"ReadAction","target":["https:\/\/csncollision.com\/fr-ca\/contacter-csn\/"]}]},{"@type":"BreadcrumbList","@id":"https:\/\/csncollision.com\/fr-ca\/contacter-csn\/#breadcrumb","itemListElement":[{"@type":"ListItem","position":1,"name":"Accueil","item":"https:\/\/csncollision.com\/fr-ca\/"},{"@type":"ListItem","position":2,"name":"Contacter le si\u00e8ge social de CSN"}]},{"@type":"WebSite","@id":"https:\/\/csncollision.com\/fr-ca\/#website","url":"https:\/\/csncollision.com\/fr-ca\/","name":"CSN Collision","description":"Nous allons y rem\u00e9dier.","potentialAction":[{"@type":"SearchAction","target":{"@type":"EntryPoint","urlTemplate":"https:\/\/csncollision.com\/fr-ca\/?s={search_term_string}"},"query-input":{"@type":"PropertyValueSpecification","valueRequired":true,"valueName":"search_term_string"}}],"inLanguage":"fr-CA"}]}},"_links":{"self":[{"href":"https:\/\/csncollision.com\/fr-ca\/wp-json\/wp\/v2\/pages\/16720","targetHints":{"allow":["GET"]}}],"collection":[{"href":"https:\/\/csncollision.com\/fr-ca\/wp-json\/wp\/v2\/pages"}],"about":[{"href":"https:\/\/csncollision.com\/fr-ca\/wp-json\/wp\/v2\/types\/page"}],"author":[{"embeddable":true,"href":"https:\/\/csncollision.com\/fr-ca\/wp-json\/wp\/v2\/users\/847"}],"replies":[{"embeddable":true,"href":"https:\/\/csncollision.com\/fr-ca\/wp-json\/wp\/v2\/comments?post=16720"}],"version-history":[{"count":0,"href":"https:\/\/csncollision.com\/fr-ca\/wp-json\/wp\/v2\/pages\/16720\/revisions"}],"wp:attachment":[{"href":"https:\/\/csncollision.com\/fr-ca\/wp-json\/wp\/v2\/media?parent=16720"}],"curies":[{"name":"wp","href":"https:\/\/api.w.org\/{rel}","templated":true}]}}