{"id":16728,"date":"2015-08-20T10:05:15","date_gmt":"2015-08-20T14:05:15","guid":{"rendered":"https:\/\/csncollision.wpenginepowered.com\/all-locations\/"},"modified":"2021-05-26T13:04:01","modified_gmt":"2021-05-26T17:04:01","slug":"tous-les-emplacements-de-csn","status":"publish","type":"page","link":"https:\/\/csncollision.com\/fr-ca\/tous-les-emplacements-de-csn\/","title":{"rendered":"Tous les emplacements de CSN"},"content":{"rendered":"<h1>Centres de r\u00e9paration de v\u00e9hicules accident\u00e9s du r\u00e9seau CSN<\/h1>\n<p>&nbsp;<\/p>\n<p><img loading=\"lazy\" decoding=\"async\" class=\"alignright wp-image-17739 size-large\" src=\"https:\/\/csncollision.com\/wp-content\/uploads\/2021\/05\/ShopShots-88-700x467.png\" alt=\"\" width=\"640\" height=\"427\" srcset=\"https:\/\/csncollision.com\/wp-content\/uploads\/2021\/05\/ShopShots-88-700x467.png 700w, https:\/\/csncollision.com\/wp-content\/uploads\/2021\/05\/ShopShots-88-250x167.png 250w, https:\/\/csncollision.com\/wp-content\/uploads\/2021\/05\/ShopShots-88-768x512.png 768w, https:\/\/csncollision.com\/wp-content\/uploads\/2021\/05\/ShopShots-88-1536x1024.png 1536w, https:\/\/csncollision.com\/wp-content\/uploads\/2021\/05\/ShopShots-88-120x80.png 120w, https:\/\/csncollision.com\/wp-content\/uploads\/2021\/05\/ShopShots-88.png 2000w\" sizes=\"auto, (max-width: 640px) 100vw, 640px\" \/><\/p>\n<p>CSN Collision est le principal r\u00e9seau de r\u00e9paration de v\u00e9hicules accident\u00e9s du Canada. Nous sommes fiers d\u2019\u00eatre le r\u00e9seau d\u00e9tenant le plus grand nombre de certifications du fabricant au Canada, ce qui d\u00e9montre bien que nous sommes le chef de file de l\u2019industrie et que nous \u00e9tablissons la norme en mati\u00e8re de qualifications, de formation et de satisfaction de la client\u00e8le. Avec plus de 200 emplacements d\u2019un bout \u00e0 l\u2019autre du pays offrant des r\u00e9parations de v\u00e9hicules accident\u00e9s et de carrosserie s\u00e9curitaires et de qualit\u00e9 sup\u00e9rieure, CSN aide les Canadiens \u00e0 reprendre la route en toute confiance, en sachant que leur v\u00e9hicule a \u00e9t\u00e9 remis comme neuf d\u00e8s la premi\u00e8re intervention.<\/p>\n<h3>Nos services :<\/h3>\n<ul>\n<li><a href=\"\/fr-ca\/services\/collision-repair\/\">R\u00e9paration de v\u00e9hicules accident\u00e9s et de carrosserie<\/a><\/li>\n<li><a href=\"\/fr-ca\/services\/egratignures-et-debosselage\/\">R\u00e9paration des \u00e9gratignures et d\u00e9bosselage<\/a><\/li>\n<li><a href=\"\/fr-ca\/services\/peinture-de-vehicule\/\">Services de peinture de v\u00e9hicule<\/a><\/li>\n<li><a href=\"\/fr-ca\/services\/debosselage-sans-peinture\/\">D\u00e9bosselage sans peinture<\/a><\/li>\n<li><a href=\"\/fr-ca\/services\/reparation-de-pare-brise\/\">R\u00e9paration de pare-brise et de vitres<\/a><\/li>\n<li><a href=\"\/fr-ca\/services\/remorquage-offert-en-tout-temps\/\">Remorquage offert en tout temps<\/a><\/li>\n<\/ul>\n","protected":false},"excerpt":{"rendered":"<p>Centres de r\u00e9paration de v\u00e9hicules accident\u00e9s du r\u00e9seau CSN &nbsp; CSN Collision est le principal r\u00e9seau de r\u00e9paration de v\u00e9hicules <span>&#8230;<\/span><\/p>\n","protected":false},"author":847,"featured_media":0,"parent":0,"menu_order":0,"comment_status":"open","ping_status":"closed","template":"page-locations.php","meta":{"_acf_changed":false,"inline_featured_image":false,"footnotes":""},"class_list":["post-16728","page","type-page","status-publish","hentry"],"acf":[],"yoast_head":"<!-- This site is optimized with the Yoast SEO plugin v27.5 - https:\/\/yoast.com\/product\/yoast-seo-wordpress\/ -->\n<title>Collision Repair Shops in the CSN Network<\/title>\n<meta name=\"description\" content=\"Collision Repair Shops in the CSN Network are located nationwide. Our 320 locally-owned facilities are ready to help you with your auto body and paint repairs.\" \/>\n<meta name=\"robots\" content=\"index, follow, max-snippet:-1, max-image-preview:large, max-video-preview:-1\" \/>\n<link rel=\"canonical\" href=\"https:\/\/csncollision.com\/fr-ca\/tous-les-emplacements-de-csn\/\" \/>\n<meta property=\"og:locale\" content=\"fr_CA\" \/>\n<meta property=\"og:type\" content=\"article\" \/>\n<meta property=\"og:title\" content=\"Collision Repair Shops in the CSN Network\" \/>\n<meta property=\"og:description\" content=\"Collision Repair Shops in the CSN Network are located nationwide. Our 320 locally-owned facilities are ready to help you with your auto body and paint repairs.\" \/>\n<meta property=\"og:url\" content=\"https:\/\/csncollision.com\/fr-ca\/tous-les-emplacements-de-csn\/\" \/>\n<meta property=\"og:site_name\" content=\"CSN Collision\" \/>\n<meta property=\"article:modified_time\" content=\"2021-05-26T17:04:01+00:00\" \/>\n<meta property=\"og:image\" content=\"https:\/\/csncollision.com\/wp-content\/uploads\/2021\/05\/ShopShots-88-700x467.png\" \/>\n<meta name=\"twitter:label1\" content=\"Estimation du temps de lecture\" \/>\n\t<meta name=\"twitter:data1\" content=\"1 minute\" \/>\n<script type=\"application\/ld+json\" class=\"yoast-schema-graph\">{\"@context\":\"https:\\\/\\\/schema.org\",\"@graph\":[{\"@type\":\"WebPage\",\"@id\":\"https:\\\/\\\/csncollision.com\\\/fr-ca\\\/tous-les-emplacements-de-csn\\\/\",\"url\":\"https:\\\/\\\/csncollision.com\\\/fr-ca\\\/tous-les-emplacements-de-csn\\\/\",\"name\":\"Collision Repair Shops in the CSN Network\",\"isPartOf\":{\"@id\":\"https:\\\/\\\/csncollision.com\\\/fr-ca\\\/#website\"},\"primaryImageOfPage\":{\"@id\":\"https:\\\/\\\/csncollision.com\\\/fr-ca\\\/tous-les-emplacements-de-csn\\\/#primaryimage\"},\"image\":{\"@id\":\"https:\\\/\\\/csncollision.com\\\/fr-ca\\\/tous-les-emplacements-de-csn\\\/#primaryimage\"},\"thumbnailUrl\":\"https:\\\/\\\/csncollision.com\\\/wp-content\\\/uploads\\\/2021\\\/05\\\/ShopShots-88-700x467.png\",\"datePublished\":\"2015-08-20T14:05:15+00:00\",\"dateModified\":\"2021-05-26T17:04:01+00:00\",\"description\":\"Collision Repair Shops in the CSN Network are located nationwide. Our 320 locally-owned facilities are ready to help you with your auto body and paint repairs.\",\"breadcrumb\":{\"@id\":\"https:\\\/\\\/csncollision.com\\\/fr-ca\\\/tous-les-emplacements-de-csn\\\/#breadcrumb\"},\"inLanguage\":\"fr-CA\",\"potentialAction\":[{\"@type\":\"ReadAction\",\"target\":[\"https:\\\/\\\/csncollision.com\\\/fr-ca\\\/tous-les-emplacements-de-csn\\\/\"]}]},{\"@type\":\"ImageObject\",\"inLanguage\":\"fr-CA\",\"@id\":\"https:\\\/\\\/csncollision.com\\\/fr-ca\\\/tous-les-emplacements-de-csn\\\/#primaryimage\",\"url\":\"https:\\\/\\\/csncollision.com\\\/wp-content\\\/uploads\\\/2021\\\/05\\\/ShopShots-88-700x467.png\",\"contentUrl\":\"https:\\\/\\\/csncollision.com\\\/wp-content\\\/uploads\\\/2021\\\/05\\\/ShopShots-88-700x467.png\"},{\"@type\":\"BreadcrumbList\",\"@id\":\"https:\\\/\\\/csncollision.com\\\/fr-ca\\\/tous-les-emplacements-de-csn\\\/#breadcrumb\",\"itemListElement\":[{\"@type\":\"ListItem\",\"position\":1,\"name\":\"Accueil\",\"item\":\"https:\\\/\\\/csncollision.com\\\/fr-ca\\\/\"},{\"@type\":\"ListItem\",\"position\":2,\"name\":\"Tous les emplacements de CSN\"}]},{\"@type\":\"WebSite\",\"@id\":\"https:\\\/\\\/csncollision.com\\\/fr-ca\\\/#website\",\"url\":\"https:\\\/\\\/csncollision.com\\\/fr-ca\\\/\",\"name\":\"CSN Collision\",\"description\":\"Nous allons y rem\u00e9dier.\",\"potentialAction\":[{\"@type\":\"SearchAction\",\"target\":{\"@type\":\"EntryPoint\",\"urlTemplate\":\"https:\\\/\\\/csncollision.com\\\/fr-ca\\\/?s={search_term_string}\"},\"query-input\":{\"@type\":\"PropertyValueSpecification\",\"valueRequired\":true,\"valueName\":\"search_term_string\"}}],\"inLanguage\":\"fr-CA\"}]}<\/script>\n<!-- \/ Yoast SEO plugin. -->","yoast_head_json":{"title":"Collision Repair Shops in the CSN Network","description":"Collision Repair Shops in the CSN Network are located nationwide. Our 320 locally-owned facilities are ready to help you with your auto body and paint repairs.","robots":{"index":"index","follow":"follow","max-snippet":"max-snippet:-1","max-image-preview":"max-image-preview:large","max-video-preview":"max-video-preview:-1"},"canonical":"https:\/\/csncollision.com\/fr-ca\/tous-les-emplacements-de-csn\/","og_locale":"fr_CA","og_type":"article","og_title":"Collision Repair Shops in the CSN Network","og_description":"Collision Repair Shops in the CSN Network are located nationwide. Our 320 locally-owned facilities are ready to help you with your auto body and paint repairs.","og_url":"https:\/\/csncollision.com\/fr-ca\/tous-les-emplacements-de-csn\/","og_site_name":"CSN Collision","article_modified_time":"2021-05-26T17:04:01+00:00","og_image":[{"url":"https:\/\/csncollision.com\/wp-content\/uploads\/2021\/05\/ShopShots-88-700x467.png","type":"","width":"","height":""}],"twitter_misc":{"Estimation du temps de lecture":"1 minute"},"schema":{"@context":"https:\/\/schema.org","@graph":[{"@type":"WebPage","@id":"https:\/\/csncollision.com\/fr-ca\/tous-les-emplacements-de-csn\/","url":"https:\/\/csncollision.com\/fr-ca\/tous-les-emplacements-de-csn\/","name":"Collision Repair Shops in the CSN Network","isPartOf":{"@id":"https:\/\/csncollision.com\/fr-ca\/#website"},"primaryImageOfPage":{"@id":"https:\/\/csncollision.com\/fr-ca\/tous-les-emplacements-de-csn\/#primaryimage"},"image":{"@id":"https:\/\/csncollision.com\/fr-ca\/tous-les-emplacements-de-csn\/#primaryimage"},"thumbnailUrl":"https:\/\/csncollision.com\/wp-content\/uploads\/2021\/05\/ShopShots-88-700x467.png","datePublished":"2015-08-20T14:05:15+00:00","dateModified":"2021-05-26T17:04:01+00:00","description":"Collision Repair Shops in the CSN Network are located nationwide. Our 320 locally-owned facilities are ready to help you with your auto body and paint repairs.","breadcrumb":{"@id":"https:\/\/csncollision.com\/fr-ca\/tous-les-emplacements-de-csn\/#breadcrumb"},"inLanguage":"fr-CA","potentialAction":[{"@type":"ReadAction","target":["https:\/\/csncollision.com\/fr-ca\/tous-les-emplacements-de-csn\/"]}]},{"@type":"ImageObject","inLanguage":"fr-CA","@id":"https:\/\/csncollision.com\/fr-ca\/tous-les-emplacements-de-csn\/#primaryimage","url":"https:\/\/csncollision.com\/wp-content\/uploads\/2021\/05\/ShopShots-88-700x467.png","contentUrl":"https:\/\/csncollision.com\/wp-content\/uploads\/2021\/05\/ShopShots-88-700x467.png"},{"@type":"BreadcrumbList","@id":"https:\/\/csncollision.com\/fr-ca\/tous-les-emplacements-de-csn\/#breadcrumb","itemListElement":[{"@type":"ListItem","position":1,"name":"Accueil","item":"https:\/\/csncollision.com\/fr-ca\/"},{"@type":"ListItem","position":2,"name":"Tous les emplacements de CSN"}]},{"@type":"WebSite","@id":"https:\/\/csncollision.com\/fr-ca\/#website","url":"https:\/\/csncollision.com\/fr-ca\/","name":"CSN Collision","description":"Nous allons y rem\u00e9dier.","potentialAction":[{"@type":"SearchAction","target":{"@type":"EntryPoint","urlTemplate":"https:\/\/csncollision.com\/fr-ca\/?s={search_term_string}"},"query-input":{"@type":"PropertyValueSpecification","valueRequired":true,"valueName":"search_term_string"}}],"inLanguage":"fr-CA"}]}},"_links":{"self":[{"href":"https:\/\/csncollision.com\/fr-ca\/wp-json\/wp\/v2\/pages\/16728","targetHints":{"allow":["GET"]}}],"collection":[{"href":"https:\/\/csncollision.com\/fr-ca\/wp-json\/wp\/v2\/pages"}],"about":[{"href":"https:\/\/csncollision.com\/fr-ca\/wp-json\/wp\/v2\/types\/page"}],"author":[{"embeddable":true,"href":"https:\/\/csncollision.com\/fr-ca\/wp-json\/wp\/v2\/users\/847"}],"replies":[{"embeddable":true,"href":"https:\/\/csncollision.com\/fr-ca\/wp-json\/wp\/v2\/comments?post=16728"}],"version-history":[{"count":0,"href":"https:\/\/csncollision.com\/fr-ca\/wp-json\/wp\/v2\/pages\/16728\/revisions"}],"wp:attachment":[{"href":"https:\/\/csncollision.com\/fr-ca\/wp-json\/wp\/v2\/media?parent=16728"}],"curies":[{"name":"wp","href":"https:\/\/api.w.org\/{rel}","templated":true}]}}