{"id":17004,"date":"2018-09-14T08:49:10","date_gmt":"2018-09-14T12:49:10","guid":{"rendered":"https:\/\/csncollision.wpenginepowered.com\/home-page-2018\/"},"modified":"2024-04-25T14:32:35","modified_gmt":"2024-04-25T18:32:35","slug":"home-page-2018","status":"publish","type":"page","link":"https:\/\/csncollision.com\/fr-ca\/","title":{"rendered":"Home Page 2018"},"content":{"rendered":"","protected":false},"excerpt":{"rendered":"","protected":false},"author":847,"featured_media":0,"parent":0,"menu_order":0,"comment_status":"closed","ping_status":"closed","template":"tpl-builder.php","meta":{"_acf_changed":false,"inline_featured_image":false,"footnotes":""},"class_list":["post-17004","page","type-page","status-publish","hentry"],"acf":[],"yoast_head":"<!-- This site is optimized with the Yoast SEO plugin v27.4 - https:\/\/yoast.com\/product\/yoast-seo-wordpress\/ -->\n<title>R\u00e9paration de Carrosserie \u2013 Ateliers de Carrosserie \u2013 CSN Collision<\/title>\n<meta name=\"description\" content=\"CSN est un r\u00e9seau national de carrossiers automobiles. Les services comprennent la r\u00e9paration de v\u00e9hicules accident\u00e9s et de carrosserie, le d\u00e9bosselage sans peinture, la r\u00e9paration de pare-brise et le remorquage en tout temps.\" \/>\n<meta name=\"robots\" content=\"index, follow, max-snippet:-1, max-image-preview:large, max-video-preview:-1\" \/>\n<link rel=\"canonical\" href=\"https:\/\/csncollision.com\/fr-ca\/\" \/>\n<meta property=\"og:locale\" content=\"fr_CA\" \/>\n<meta property=\"og:type\" content=\"article\" \/>\n<meta property=\"og:title\" content=\"R\u00e9paration de Carrosserie \u2013 Ateliers de Carrosserie \u2013 CSN Collision\" \/>\n<meta property=\"og:description\" content=\"CSN est un r\u00e9seau national de carrossiers automobiles. Les services comprennent la r\u00e9paration de v\u00e9hicules accident\u00e9s et de carrosserie, le d\u00e9bosselage sans peinture, la r\u00e9paration de pare-brise et le remorquage en tout temps.\" \/>\n<meta property=\"og:url\" content=\"https:\/\/csncollision.com\/fr-ca\/\" \/>\n<meta property=\"og:site_name\" content=\"CSN Collision\" \/>\n<meta property=\"article:modified_time\" content=\"2024-04-25T18:32:35+00:00\" \/>\n<script type=\"application\/ld+json\" class=\"yoast-schema-graph\">{\"@context\":\"https:\\\/\\\/schema.org\",\"@graph\":[{\"@type\":\"WebPage\",\"@id\":\"https:\\\/\\\/csncollision.com\\\/fr-ca\\\/\",\"url\":\"https:\\\/\\\/csncollision.com\\\/fr-ca\\\/\",\"name\":\"R\u00e9paration de Carrosserie \u2013 Ateliers de Carrosserie \u2013 CSN Collision\",\"isPartOf\":{\"@id\":\"https:\\\/\\\/csncollision.com\\\/fr-ca\\\/#website\"},\"datePublished\":\"2018-09-14T12:49:10+00:00\",\"dateModified\":\"2024-04-25T18:32:35+00:00\",\"description\":\"CSN est un r\u00e9seau national de carrossiers automobiles. Les services comprennent la r\u00e9paration de v\u00e9hicules accident\u00e9s et de carrosserie, le d\u00e9bosselage sans peinture, la r\u00e9paration de pare-brise et le remorquage en tout temps.\",\"breadcrumb\":{\"@id\":\"https:\\\/\\\/csncollision.com\\\/fr-ca\\\/#breadcrumb\"},\"inLanguage\":\"fr-CA\",\"potentialAction\":[{\"@type\":\"ReadAction\",\"target\":[\"https:\\\/\\\/csncollision.com\\\/fr-ca\\\/\"]}]},{\"@type\":\"BreadcrumbList\",\"@id\":\"https:\\\/\\\/csncollision.com\\\/fr-ca\\\/#breadcrumb\",\"itemListElement\":[{\"@type\":\"ListItem\",\"position\":1,\"name\":\"Accueil\",\"item\":\"https:\\\/\\\/csncollision.com\\\/fr-ca\\\/\"},{\"@type\":\"ListItem\",\"position\":2,\"name\":\"Home Page 2018\"}]},{\"@type\":\"WebSite\",\"@id\":\"https:\\\/\\\/csncollision.com\\\/fr-ca\\\/#website\",\"url\":\"https:\\\/\\\/csncollision.com\\\/fr-ca\\\/\",\"name\":\"CSN Collision\",\"description\":\"Nous allons y rem\u00e9dier.\",\"potentialAction\":[{\"@type\":\"SearchAction\",\"target\":{\"@type\":\"EntryPoint\",\"urlTemplate\":\"https:\\\/\\\/csncollision.com\\\/fr-ca\\\/?s={search_term_string}\"},\"query-input\":{\"@type\":\"PropertyValueSpecification\",\"valueRequired\":true,\"valueName\":\"search_term_string\"}}],\"inLanguage\":\"fr-CA\"}]}<\/script>\n<!-- \/ Yoast SEO plugin. -->","yoast_head_json":{"title":"R\u00e9paration de Carrosserie \u2013 Ateliers de Carrosserie \u2013 CSN Collision","description":"CSN est un r\u00e9seau national de carrossiers automobiles. Les services comprennent la r\u00e9paration de v\u00e9hicules accident\u00e9s et de carrosserie, le d\u00e9bosselage sans peinture, la r\u00e9paration de pare-brise et le remorquage en tout temps.","robots":{"index":"index","follow":"follow","max-snippet":"max-snippet:-1","max-image-preview":"max-image-preview:large","max-video-preview":"max-video-preview:-1"},"canonical":"https:\/\/csncollision.com\/fr-ca\/","og_locale":"fr_CA","og_type":"article","og_title":"R\u00e9paration de Carrosserie \u2013 Ateliers de Carrosserie \u2013 CSN Collision","og_description":"CSN est un r\u00e9seau national de carrossiers automobiles. Les services comprennent la r\u00e9paration de v\u00e9hicules accident\u00e9s et de carrosserie, le d\u00e9bosselage sans peinture, la r\u00e9paration de pare-brise et le remorquage en tout temps.","og_url":"https:\/\/csncollision.com\/fr-ca\/","og_site_name":"CSN Collision","article_modified_time":"2024-04-25T18:32:35+00:00","schema":{"@context":"https:\/\/schema.org","@graph":[{"@type":"WebPage","@id":"https:\/\/csncollision.com\/fr-ca\/","url":"https:\/\/csncollision.com\/fr-ca\/","name":"R\u00e9paration de Carrosserie \u2013 Ateliers de Carrosserie \u2013 CSN Collision","isPartOf":{"@id":"https:\/\/csncollision.com\/fr-ca\/#website"},"datePublished":"2018-09-14T12:49:10+00:00","dateModified":"2024-04-25T18:32:35+00:00","description":"CSN est un r\u00e9seau national de carrossiers automobiles. Les services comprennent la r\u00e9paration de v\u00e9hicules accident\u00e9s et de carrosserie, le d\u00e9bosselage sans peinture, la r\u00e9paration de pare-brise et le remorquage en tout temps.","breadcrumb":{"@id":"https:\/\/csncollision.com\/fr-ca\/#breadcrumb"},"inLanguage":"fr-CA","potentialAction":[{"@type":"ReadAction","target":["https:\/\/csncollision.com\/fr-ca\/"]}]},{"@type":"BreadcrumbList","@id":"https:\/\/csncollision.com\/fr-ca\/#breadcrumb","itemListElement":[{"@type":"ListItem","position":1,"name":"Accueil","item":"https:\/\/csncollision.com\/fr-ca\/"},{"@type":"ListItem","position":2,"name":"Home Page 2018"}]},{"@type":"WebSite","@id":"https:\/\/csncollision.com\/fr-ca\/#website","url":"https:\/\/csncollision.com\/fr-ca\/","name":"CSN Collision","description":"Nous allons y rem\u00e9dier.","potentialAction":[{"@type":"SearchAction","target":{"@type":"EntryPoint","urlTemplate":"https:\/\/csncollision.com\/fr-ca\/?s={search_term_string}"},"query-input":{"@type":"PropertyValueSpecification","valueRequired":true,"valueName":"search_term_string"}}],"inLanguage":"fr-CA"}]}},"_links":{"self":[{"href":"https:\/\/csncollision.com\/fr-ca\/wp-json\/wp\/v2\/pages\/17004","targetHints":{"allow":["GET"]}}],"collection":[{"href":"https:\/\/csncollision.com\/fr-ca\/wp-json\/wp\/v2\/pages"}],"about":[{"href":"https:\/\/csncollision.com\/fr-ca\/wp-json\/wp\/v2\/types\/page"}],"author":[{"embeddable":true,"href":"https:\/\/csncollision.com\/fr-ca\/wp-json\/wp\/v2\/users\/847"}],"replies":[{"embeddable":true,"href":"https:\/\/csncollision.com\/fr-ca\/wp-json\/wp\/v2\/comments?post=17004"}],"version-history":[{"count":0,"href":"https:\/\/csncollision.com\/fr-ca\/wp-json\/wp\/v2\/pages\/17004\/revisions"}],"wp:attachment":[{"href":"https:\/\/csncollision.com\/fr-ca\/wp-json\/wp\/v2\/media?parent=17004"}],"curies":[{"name":"wp","href":"https:\/\/api.w.org\/{rel}","templated":true}]}}