{"id":18360,"date":"2014-05-05T18:31:07","date_gmt":"2014-05-05T22:31:07","guid":{"rendered":"https:\/\/csncollision.wpenginepowered.com\/about-us\/"},"modified":"2022-01-26T11:54:17","modified_gmt":"2022-01-26T16:54:17","slug":"chi-siamo","status":"publish","type":"page","link":"https:\/\/csncollision.com\/it\/chi-siamo\/","title":{"rendered":"Chi Siamo"},"content":{"rendered":"<p><img loading=\"lazy\" decoding=\"async\" class=\"wp-image-21053 size-large aligncenter\" src=\"https:\/\/csncollision.com\/wp-content\/uploads\/2022\/01\/mappa-700x416.png\" alt=\"\" width=\"640\" height=\"380\" srcset=\"https:\/\/csncollision.com\/wp-content\/uploads\/2022\/01\/mappa-700x416.png 700w, https:\/\/csncollision.com\/wp-content\/uploads\/2022\/01\/mappa-250x149.png 250w, https:\/\/csncollision.com\/wp-content\/uploads\/2022\/01\/mappa-768x457.png 768w, https:\/\/csncollision.com\/wp-content\/uploads\/2022\/01\/mappa-1536x914.png 1536w, https:\/\/csncollision.com\/wp-content\/uploads\/2022\/01\/mappa-120x71.png 120w, https:\/\/csncollision.com\/wp-content\/uploads\/2022\/01\/mappa.png 1572w\" sizes=\"auto, (max-width: 640px) 100vw, 640px\" \/><\/p>\n<p>CSN Collision \u00e8 nato per assistere le migliori carrozzerie indipendenti e oggi \u00e8 una delle reti pi\u00f9 avanzate del Nord America con oltre <strong>250 carrozzerie<\/strong> e rapporti di partnership consolidate con tutte le principali assicurazioni nazionali. La nostra indipendenza \u00e8 la nostra forza, trasparenza, qualit\u00e0 e performance elevate e la soddisfazione dei nostri clienti sono le chiavi del nostro successo.<\/p>\n","protected":false},"excerpt":{"rendered":"<p>CSN Collision \u00e8 nato per assistere le migliori carrozzerie indipendenti e oggi \u00e8 una delle reti pi\u00f9 avanzate del Nord <span>&#8230;<\/span><\/p>\n","protected":false},"author":847,"featured_media":0,"parent":0,"menu_order":0,"comment_status":"open","ping_status":"closed","template":"page-landing.php","meta":{"_acf_changed":false,"inline_featured_image":false,"footnotes":""},"class_list":["post-18360","page","type-page","status-publish","hentry"],"acf":[],"yoast_head":"<!-- This site is optimized with the Yoast SEO plugin v27.6 - https:\/\/yoast.com\/product\/yoast-seo-wordpress\/ -->\n<title>Chi siamo | CSN Collision Italia<\/title>\n<meta name=\"description\" content=\"CSN \u00e8 una rete internazionale di strutture per la riparazione di incidenti automobilistici. Servizi offerti: Riparazione di collisione automatica, graffi e ammaccature, riparazione di ammaccature senza vernice, garanzia nazionale a vita, traino 24 ore su 24, accessori per auto, riparazione di vernici e vetri.\" \/>\n<meta name=\"robots\" content=\"index, follow, max-snippet:-1, max-image-preview:large, max-video-preview:-1\" \/>\n<link rel=\"canonical\" href=\"https:\/\/csncollision.com\/it\/chi-siamo\/\" \/>\n<meta property=\"og:locale\" content=\"it_IT\" \/>\n<meta property=\"og:type\" content=\"article\" \/>\n<meta property=\"og:title\" content=\"Chi siamo | CSN Collision Italia\" \/>\n<meta property=\"og:description\" content=\"CSN \u00e8 una rete internazionale di strutture per la riparazione di incidenti automobilistici. Servizi offerti: Riparazione di collisione automatica, graffi e ammaccature, riparazione di ammaccature senza vernice, garanzia nazionale a vita, traino 24 ore su 24, accessori per auto, riparazione di vernici e vetri.\" \/>\n<meta property=\"og:url\" content=\"https:\/\/csncollision.com\/it\/chi-siamo\/\" \/>\n<meta property=\"og:site_name\" content=\"CSN Collision\" \/>\n<meta property=\"article:modified_time\" content=\"2022-01-26T16:54:17+00:00\" \/>\n<meta property=\"og:image\" content=\"https:\/\/csncollision.com\/wp-content\/uploads\/2022\/01\/mappa-700x416.png\" \/>\n<meta name=\"twitter:label1\" content=\"Tempo di lettura stimato\" \/>\n\t<meta name=\"twitter:data1\" content=\"1 minuto\" \/>\n<script type=\"application\/ld+json\" class=\"yoast-schema-graph\">{\"@context\":\"https:\\\/\\\/schema.org\",\"@graph\":[{\"@type\":\"WebPage\",\"@id\":\"https:\\\/\\\/csncollision.com\\\/it\\\/chi-siamo\\\/\",\"url\":\"https:\\\/\\\/csncollision.com\\\/it\\\/chi-siamo\\\/\",\"name\":\"Chi siamo | CSN Collision Italia\",\"isPartOf\":{\"@id\":\"https:\\\/\\\/csncollision.com\\\/it\\\/#website\"},\"primaryImageOfPage\":{\"@id\":\"https:\\\/\\\/csncollision.com\\\/it\\\/chi-siamo\\\/#primaryimage\"},\"image\":{\"@id\":\"https:\\\/\\\/csncollision.com\\\/it\\\/chi-siamo\\\/#primaryimage\"},\"thumbnailUrl\":\"https:\\\/\\\/csncollision.com\\\/wp-content\\\/uploads\\\/2022\\\/01\\\/mappa-700x416.png\",\"datePublished\":\"2014-05-05T22:31:07+00:00\",\"dateModified\":\"2022-01-26T16:54:17+00:00\",\"description\":\"CSN \u00e8 una rete internazionale di strutture per la riparazione di incidenti automobilistici. Servizi offerti: Riparazione di collisione automatica, graffi e ammaccature, riparazione di ammaccature senza vernice, garanzia nazionale a vita, traino 24 ore su 24, accessori per auto, riparazione di vernici e vetri.\",\"breadcrumb\":{\"@id\":\"https:\\\/\\\/csncollision.com\\\/it\\\/chi-siamo\\\/#breadcrumb\"},\"inLanguage\":\"it-IT\",\"potentialAction\":[{\"@type\":\"ReadAction\",\"target\":[\"https:\\\/\\\/csncollision.com\\\/it\\\/chi-siamo\\\/\"]}]},{\"@type\":\"ImageObject\",\"inLanguage\":\"it-IT\",\"@id\":\"https:\\\/\\\/csncollision.com\\\/it\\\/chi-siamo\\\/#primaryimage\",\"url\":\"https:\\\/\\\/csncollision.com\\\/wp-content\\\/uploads\\\/2022\\\/01\\\/mappa-700x416.png\",\"contentUrl\":\"https:\\\/\\\/csncollision.com\\\/wp-content\\\/uploads\\\/2022\\\/01\\\/mappa-700x416.png\"},{\"@type\":\"BreadcrumbList\",\"@id\":\"https:\\\/\\\/csncollision.com\\\/it\\\/chi-siamo\\\/#breadcrumb\",\"itemListElement\":[{\"@type\":\"ListItem\",\"position\":1,\"name\":\"Home\",\"item\":\"https:\\\/\\\/csncollision.com\\\/it\\\/\"},{\"@type\":\"ListItem\",\"position\":2,\"name\":\"Chi Siamo\"}]},{\"@type\":\"WebSite\",\"@id\":\"https:\\\/\\\/csncollision.com\\\/it\\\/#website\",\"url\":\"https:\\\/\\\/csncollision.com\\\/it\\\/\",\"name\":\"CSN Collision\",\"description\":\"We&#039;ll Straighten It out\",\"potentialAction\":[{\"@type\":\"SearchAction\",\"target\":{\"@type\":\"EntryPoint\",\"urlTemplate\":\"https:\\\/\\\/csncollision.com\\\/it\\\/?s={search_term_string}\"},\"query-input\":{\"@type\":\"PropertyValueSpecification\",\"valueRequired\":true,\"valueName\":\"search_term_string\"}}],\"inLanguage\":\"it-IT\"}]}<\/script>\n<!-- \/ Yoast SEO plugin. -->","yoast_head_json":{"title":"Chi siamo | CSN Collision Italia","description":"CSN \u00e8 una rete internazionale di strutture per la riparazione di incidenti automobilistici. Servizi offerti: Riparazione di collisione automatica, graffi e ammaccature, riparazione di ammaccature senza vernice, garanzia nazionale a vita, traino 24 ore su 24, accessori per auto, riparazione di vernici e vetri.","robots":{"index":"index","follow":"follow","max-snippet":"max-snippet:-1","max-image-preview":"max-image-preview:large","max-video-preview":"max-video-preview:-1"},"canonical":"https:\/\/csncollision.com\/it\/chi-siamo\/","og_locale":"it_IT","og_type":"article","og_title":"Chi siamo | CSN Collision Italia","og_description":"CSN \u00e8 una rete internazionale di strutture per la riparazione di incidenti automobilistici. Servizi offerti: Riparazione di collisione automatica, graffi e ammaccature, riparazione di ammaccature senza vernice, garanzia nazionale a vita, traino 24 ore su 24, accessori per auto, riparazione di vernici e vetri.","og_url":"https:\/\/csncollision.com\/it\/chi-siamo\/","og_site_name":"CSN Collision","article_modified_time":"2022-01-26T16:54:17+00:00","og_image":[{"url":"https:\/\/csncollision.com\/wp-content\/uploads\/2022\/01\/mappa-700x416.png","type":"","width":"","height":""}],"twitter_misc":{"Tempo di lettura stimato":"1 minuto"},"schema":{"@context":"https:\/\/schema.org","@graph":[{"@type":"WebPage","@id":"https:\/\/csncollision.com\/it\/chi-siamo\/","url":"https:\/\/csncollision.com\/it\/chi-siamo\/","name":"Chi siamo | CSN Collision Italia","isPartOf":{"@id":"https:\/\/csncollision.com\/it\/#website"},"primaryImageOfPage":{"@id":"https:\/\/csncollision.com\/it\/chi-siamo\/#primaryimage"},"image":{"@id":"https:\/\/csncollision.com\/it\/chi-siamo\/#primaryimage"},"thumbnailUrl":"https:\/\/csncollision.com\/wp-content\/uploads\/2022\/01\/mappa-700x416.png","datePublished":"2014-05-05T22:31:07+00:00","dateModified":"2022-01-26T16:54:17+00:00","description":"CSN \u00e8 una rete internazionale di strutture per la riparazione di incidenti automobilistici. Servizi offerti: Riparazione di collisione automatica, graffi e ammaccature, riparazione di ammaccature senza vernice, garanzia nazionale a vita, traino 24 ore su 24, accessori per auto, riparazione di vernici e vetri.","breadcrumb":{"@id":"https:\/\/csncollision.com\/it\/chi-siamo\/#breadcrumb"},"inLanguage":"it-IT","potentialAction":[{"@type":"ReadAction","target":["https:\/\/csncollision.com\/it\/chi-siamo\/"]}]},{"@type":"ImageObject","inLanguage":"it-IT","@id":"https:\/\/csncollision.com\/it\/chi-siamo\/#primaryimage","url":"https:\/\/csncollision.com\/wp-content\/uploads\/2022\/01\/mappa-700x416.png","contentUrl":"https:\/\/csncollision.com\/wp-content\/uploads\/2022\/01\/mappa-700x416.png"},{"@type":"BreadcrumbList","@id":"https:\/\/csncollision.com\/it\/chi-siamo\/#breadcrumb","itemListElement":[{"@type":"ListItem","position":1,"name":"Home","item":"https:\/\/csncollision.com\/it\/"},{"@type":"ListItem","position":2,"name":"Chi Siamo"}]},{"@type":"WebSite","@id":"https:\/\/csncollision.com\/it\/#website","url":"https:\/\/csncollision.com\/it\/","name":"CSN Collision","description":"We&#039;ll Straighten It out","potentialAction":[{"@type":"SearchAction","target":{"@type":"EntryPoint","urlTemplate":"https:\/\/csncollision.com\/it\/?s={search_term_string}"},"query-input":{"@type":"PropertyValueSpecification","valueRequired":true,"valueName":"search_term_string"}}],"inLanguage":"it-IT"}]}},"_links":{"self":[{"href":"https:\/\/csncollision.com\/it\/wp-json\/wp\/v2\/pages\/18360","targetHints":{"allow":["GET"]}}],"collection":[{"href":"https:\/\/csncollision.com\/it\/wp-json\/wp\/v2\/pages"}],"about":[{"href":"https:\/\/csncollision.com\/it\/wp-json\/wp\/v2\/types\/page"}],"author":[{"embeddable":true,"href":"https:\/\/csncollision.com\/it\/wp-json\/wp\/v2\/users\/847"}],"replies":[{"embeddable":true,"href":"https:\/\/csncollision.com\/it\/wp-json\/wp\/v2\/comments?post=18360"}],"version-history":[{"count":0,"href":"https:\/\/csncollision.com\/it\/wp-json\/wp\/v2\/pages\/18360\/revisions"}],"wp:attachment":[{"href":"https:\/\/csncollision.com\/it\/wp-json\/wp\/v2\/media?parent=18360"}],"curies":[{"name":"wp","href":"https:\/\/api.w.org\/{rel}","templated":true}]}}